{"id":5929,"date":"2025-03-13T12:47:20","date_gmt":"2025-03-13T12:47:20","guid":{"rendered":"https:\/\/lisbon.globalcruiseports.com\/social-responsibility\/"},"modified":"2026-02-27T10:58:43","modified_gmt":"2026-02-27T10:58:43","slug":"responsabilidade-social","status":"publish","type":"page","link":"https:\/\/lisboncruiseport.pt\/pt-pt\/responsabilidade-social\/","title":{"rendered":"Responsabilidade Social"},"content":{"rendered":"\r\n\r\n<section\r\n    class=\"section page page-sustainability page-bg-light \">\r\n    <style>\r\n                .page-header-bg {\r\n                    background-image: url(https:\/\/lisboncruiseport.pt\/wp-content\/uploads\/sites\/45\/2025\/05\/social-scaled.jpeg);\r\n                    background-size: cover;\r\n                    background-position: center;\r\n                }\r\n\t\t\t\t.hero-content{\r\n\t\t\t\t    top: 50%;\r\n    \t\t\t\tposition: absolute;\r\n    \t\t\t\ttransform: translateY(-50%);\r\n\t\t\t\t}\r\n              <\/style><div class=\"page-header-bg pr\">    <div class=\"container w100\">\r\n        <div class=\"row flex hero-content\">\r\n            <div class=\"cl-12 page-header\">\r\n                <h5>Responsabilidade Social<\/h5>\r\n                <h1>Responsabilidade Social<\/h1>\r\n                <p>Saiba mais sobre como os nossos esfor\u00e7os de envolvimento comunit\u00e1rio impulsionam o crescimento sustent\u00e1vel e criam um impacto duradouro.<\/p>\n                \r\n\r\n                <style>\r\n                    a.cta {\r\n                        border-radius: 2rem;\r\n                        display: flex;\r\n                        align-items: center;\r\n                        width: fit-content;\r\n                        padding: 0.8rem 2.8rem 0.96rem 2.8rem;\r\n                        margin-top: 2rem;\r\n                        color: #fff;\r\n                    }\r\n\r\n                    .hero-content .page-header {\r\n                        display: flex;\r\n                        flex-direction: column;\r\n                        row-gap: 12px;\r\n                    }\r\n\r\n                    .page-header h5{\r\n                        margin-bottom: 0;\r\n                    }\r\n\r\n                    h5 {\r\n                        text-transform: uppercase;\r\n                    }\r\n\r\n                    .page-header p {\r\n                        max-width: 500px;\r\n                        color: #fff;\r\n                    }\r\n\r\n                    .cta:hover {\r\n                        padding-right: 2.8rem !important;\r\n                    }\r\n                <\/style>\r\n            <\/div>\r\n        <\/div>\r\n    <\/div>\r\n    <\/div>\r\n<\/section>\n\n<section class=\"section section-content-title \" id=\"\">\r\n\t<div class=\"container\">\r\n\t\t<div class=\"row flex align-i-center\">\r\n\t\t\t<div class=\"cl-5\">\r\n\t\t\t\t\t\t\t\t<h2>\r\n\t\t\t\t\tTurismo de Cruzeiros para um\t\t\t\t\t<br>\r\n\t\t\t\t\t<span class=\"primary-color\"> Futuro Melhor<\/span>\r\n\t\t\t\t<\/h2>\r\n\t\t\t<\/div>\r\n\t\t\t<div class=\"cl-7\">\r\n\t\t\t\t<p class=\"grey-color\">Em Lisboa, estamos empenhados em fortalecer as comunidades, promover o turismo sustent\u00e1vel e fomentar o crescimento respons\u00e1vel. O nosso objetivo \u00e9 criar um destino onde tanto os visitantes como os locais prosperem, apoiados pelo empoderamento econ\u00f3mico, iniciativas culturais e gest\u00e3o ambiental.<\/p>\r\n\t\t\t<\/div>\r\n\t\t<\/div>\r\n\t<\/div>\r\n<\/section>\r\n\n\n<section class=\"section section-content-image \" id=\"\">\r\n\t<div class=\"container\">\r\n\t\t<div class=\"row flex align-i-center  flex-row-reverse \">\r\n\t\t\t<div class=\"cl-6\">\r\n\t\t\t\t<img decoding=\"async\" src=\"https:\/\/lisboncruiseport.pt\/wp-content\/uploads\/sites\/45\/2025\/04\/shutterstock_2489916669-scaled.jpg\" class=\"w100\" alt=\"\" \/>\r\n\t\t\t<\/div>\r\n\t\t\t<div class=\"cl-1\">\r\n\t\t\t\t\r\n\t\t\t<\/div>\r\n\t\t\t<div class=\"cl-5\">\r\n\t\t\t\t<h3><\/h3>\r\n\t\t\t\t<p>Atrav\u00e9s de parcerias com empresas locais, programas de educa\u00e7\u00e3o e esfor\u00e7os de preserva\u00e7\u00e3o do patrim\u00f3nio, garantimos que os benef\u00edcios do turismo de cruzeiros se estendam para al\u00e9m do presente, deixando um legado positivo para as gera\u00e7\u00f5es vindouras.<\/p>\n<p>Acreditamos no poder da colabora\u00e7\u00e3o e das pr\u00e1ticas comerciais \u00e9ticas para impulsionar mudan\u00e7as significativas. Juntamente com os nossos parceiros, estamos a moldar um futuro onde o turismo de cruzeiros enriquece vidas, apoia comunidades e protege o nosso ambiente.<\/p>\n\t\t\t\t\t\t\t<\/div>\r\n\t\t<\/div>\r\n\t<\/div>\r\n<\/section>\r\n\n\n\r\n<style>\r\n    .section-social-responsibilities .page-header-bg {\r\n        background-image: url(https:\/\/lisboncruiseport.pt\/wp-content\/uploads\/sites\/45\/2024\/03\/social-responsibilities.jpg);\r\n    }\r\n    .section-social-responsibilities-tab-item ul{\r\n        list-style: disc;\r\n    }\r\n\r\n    .section-social-responsibilities-tab-item ul li{\r\n        margin-left: 2rem;\r\n    }\r\n<\/style>\r\n\r\n\r\n<section\r\n    class=\"section section-social-responsibilities page page-bg-light \"\r\n    id=\"section-social-responsibilities\">\r\n    <div class=\"page-header-bg flex align-i-start justify-c-start\">\r\n        <div class=\"container w100\">\r\n            <div class=\"row flex\">\r\n                <div class=\"cl-12 page-header\">\r\n                    <h3>Responsabilidade Social<\/h3>\r\n                    <h1>Comprometidos com a Nossa Comunidade<\/h1>\r\n                    <p>Estamos empenhados em fortalecer as comunidades, manter pr\u00e1ticas comerciais \u00e9ticas e criar um futuro positivo para todos. Atrav\u00e9s de projetos significativos, colaboramos com passageiros, parceiros portu\u00e1rios e principais partes interessadas para gerar um impacto duradouro.<\/p>\r\n                <\/div>\r\n            <\/div>\r\n        <\/div>\r\n    <\/div>\r\n    <div class=\"page-content-wrapper\">\r\n        <div class=\"container\">\r\n            <div class=\"row flex align-i-center justify-c-center\">\r\n                <div class=\"cl-10\">\r\n                    <div class=\"page-bg-white\">\r\n                        <div class=\"section-social-responsibilities-items accordion accordion-ii\">\r\n                                                                <div\r\n                                        class=\"accordion-header accordion-header-sm black-arrow active first-item\">\r\n                                        <div class=\"row flex\">\r\n                                            <div class=\"cl-12\">\r\n                                                Uni\u00e3o pela Comunidade: Eventos em Parceria com a Junta de Freguesia de Santa Maria Maior                                            <\/div>\r\n                                        <\/div>\r\n                                    <\/div>\r\n                                    <div\r\n                                        class=\"desktop-accordion-content mobile-accordion-content accordion-content active\">\r\n                                        <div class=\"row flex\">\r\n                                            <div class=\"cl-12 accordion-content-light\">\r\n                                                <div class=\"section-social-responsibilities-tab-item\">\r\n                                                    <div class=\"row flex\">\r\n                                                        <div class=\"cl-7\">\r\n                                                            \n<p>A Lisbon Cruise Port (LCP) acredita que a sua infraestrutura deve ser um espa\u00e7o vibrante e acess\u00edvel a toda a cidade. Nesse sentido, estabelecemos uma colabora\u00e7\u00e3o s\u00f3lida com a Junta de Freguesia de Santa Maria Maior, nossa parceira local, para promover o bem-estar e a integra\u00e7\u00e3o comunit\u00e1ria.<\/p>\n\n\n\n<p>Esta parceria tem-se materializado na realiza\u00e7\u00e3o de eventos desportivos e de lazer abertos ao p\u00fablico, transformando as \u00e1reas envolventes do Terminal num ponto de encontro para a sa\u00fade e conv\u00edvio.<\/p>\n\n\n\n<p>Recentemente, acolhemos com grande sucesso Aulas de Zumba, que mobilizaram a comunidade local e demonstraram o potencial do nosso espa\u00e7o para atividades ao ar livre. Esta iniciativa n\u00e3o s\u00f3 incentivou a pr\u00e1tica de exerc\u00edcio f\u00edsico, como tamb\u00e9m refor\u00e7ou o tecido social da freguesia.<\/p>\n\n\n\n<p>Com o objetivo de ir mais al\u00e9m, a colabora\u00e7\u00e3o com a Junta de Freguesia de Santa Maria Maior continuar\u00e1 a trazer mais eventos e surpresas \u00e0 comunidade nos pr\u00f3ximos meses. Estamos empenhados em diversificar a oferta de atividades, garantindo que o Terminal de Cruzeiros de Lisboa continue a ser um agente ativo no enriquecimento da vida social e desportiva de Santa Maria Maior.<\/p>\n                                                        <\/div>\r\n                                                        <div class=\"cl-5\">\r\n                                                            <img decoding=\"async\"\r\n                                                                src=\"https:\/\/lisboncruiseport.pt\/wp-content\/uploads\/sites\/45\/2025\/12\/581122619_1245166877636902_2252090159589587810_n.jpg\" \/>\r\n                                                        <\/div>\r\n                                                    <\/div>\r\n                                                <\/div>\r\n                                            <\/div>\r\n                                        <\/div>\r\n                                    <\/div>\r\n                                                                        <div\r\n                                        class=\"accordion-header accordion-header-sm black-arrow \">\r\n                                        <div class=\"row flex\">\r\n                                            <div class=\"cl-12\">\r\n                                                Dia Internacional de Limpeza Costeira                                            <\/div>\r\n                                        <\/div>\r\n                                    <\/div>\r\n                                    <div\r\n                                        class=\"desktop-accordion-content mobile-accordion-content accordion-content \">\r\n                                        <div class=\"row flex\">\r\n                                            <div class=\"cl-12 accordion-content-light\">\r\n                                                <div class=\"section-social-responsibilities-tab-item\">\r\n                                                    <div class=\"row flex\">\r\n                                                        <div class=\"cl-7\">\r\n                                                            \n<p>A Lisbon Cruise Port (LCP) refor\u00e7ou o seu compromisso com a sustentabilidade e a responsabilidade ambiental ao participar ativamente no Dia Internacional de Limpeza Costeira (International Coastal Cleanup Day). Numa a\u00e7\u00e3o de envolvimento comunit\u00e1rio e dedica\u00e7\u00e3o ao meio ambiente marinho, a equipa do LCP uniu-se a volunt\u00e1rios na praia de Alg\u00e9s para a recolha de lixo e res\u00edduos. Esta iniciativa sublinha a nossa vis\u00e3o de promover um turismo de cruzeiros que n\u00e3o s\u00f3 enriquece a economia local, mas que tamb\u00e9m protege ativamente os ecossistemas costeiros e fluviais. A participa\u00e7\u00e3o neste dia global de a\u00e7\u00e3o reflete a convic\u00e7\u00e3o do TCL na import\u00e2ncia das pr\u00e1ticas respons\u00e1veis para a constru\u00e7\u00e3o de um futuro mais limpo e sustent\u00e1vel para todos.<br><\/p>\n                                                        <\/div>\r\n                                                        <div class=\"cl-5\">\r\n                                                            <img decoding=\"async\"\r\n                                                                src=\"https:\/\/lisboncruiseport.pt\/wp-content\/uploads\/sites\/45\/2025\/12\/1000028938-scaled.jpg\" \/>\r\n                                                        <\/div>\r\n                                                    <\/div>\r\n                                                <\/div>\r\n                                            <\/div>\r\n                                        <\/div>\r\n                                    <\/div>\r\n                                                                        <div\r\n                                        class=\"accordion-header accordion-header-sm black-arrow \">\r\n                                        <div class=\"row flex\">\r\n                                            <div class=\"cl-12\">\r\n                                                Visitas Pedag\u00f3gicas                                            <\/div>\r\n                                        <\/div>\r\n                                    <\/div>\r\n                                    <div\r\n                                        class=\"desktop-accordion-content mobile-accordion-content accordion-content \">\r\n                                        <div class=\"row flex\">\r\n                                            <div class=\"cl-12 accordion-content-light\">\r\n                                                <div class=\"section-social-responsibilities-tab-item\">\r\n                                                    <div class=\"row flex\">\r\n                                                        <div class=\"cl-7\">\r\n                                                            \n<p>A Lisbon Cruise Port (LCP) assume o seu papel como um pilar ativo na comunidade, promovendo o desenvolvimento sustent\u00e1vel e o apoio \u00e0 educa\u00e7\u00e3o atrav\u00e9s do seu programa de a\u00e7\u00e3o social. Reconhecemos a nossa infraestrutura de excel\u00eancia como um recurso valioso e, por isso, estruturamos as nossas visitas para gerar o m\u00e1ximo impacto em diferentes p\u00fablicos. Para as creches e institui\u00e7\u00f5es, o foco \u00e9 eminentemente social e comunit\u00e1rio, proporcionando momentos l\u00fadicos e o primeiro contacto seguro com o ambiente portu\u00e1rio, um gesto de inclus\u00e3o desde a mais tenra idade. Por outro lado, para estudantes e p\u00fablico mais velho, o Terminal serve como um laborat\u00f3rio t\u00e9cnico-educacional. Estas visitas especializadas oferecem a oportunidade de explorar o design arquitet\u00f3nico premiado do edif\u00edcio e, sobretudo, a complexa log\u00edstica operacional, demonstrando as rigorosas normas de seguran\u00e7a (safety e security) e a gest\u00e3o necess\u00e1ria para o tr\u00e1fego internacional de passageiros. Ao segmentarmos estas experi\u00eancias, garantimos que o LCP contribui ativamente para a educa\u00e7\u00e3o c\u00edvica, inspira futuras carreiras e refor\u00e7a o seu compromisso em ser um parceiro social e educativo da cidade de Lisboa.<\/p>\n\n\n\n<p><\/p>\n                                                        <\/div>\r\n                                                        <div class=\"cl-5\">\r\n                                                            <img decoding=\"async\"\r\n                                                                src=\"https:\/\/lisboncruiseport.pt\/wp-content\/uploads\/sites\/45\/2025\/12\/28-scaled.jpg\" \/>\r\n                                                        <\/div>\r\n                                                    <\/div>\r\n                                                <\/div>\r\n                                            <\/div>\r\n                                        <\/div>\r\n                                    <\/div>\r\n                                                            <\/div>\r\n                    <\/div>\r\n                <\/div>\r\n            <\/div>\r\n        <\/div>\r\n    <\/div>\r\n<\/section>","protected":false},"excerpt":{"rendered":"","protected":false},"author":2,"featured_media":0,"parent":0,"menu_order":62,"comment_status":"closed","ping_status":"closed","template":"","meta":{"_acf_changed":false,"footnotes":""},"class_list":["post-5929","page","type-page","status-publish","hentry"],"acf":[],"_links":{"self":[{"href":"https:\/\/lisboncruiseport.pt\/pt-pt\/wp-json\/wp\/v2\/pages\/5929","targetHints":{"allow":["GET"]}}],"collection":[{"href":"https:\/\/lisboncruiseport.pt\/pt-pt\/wp-json\/wp\/v2\/pages"}],"about":[{"href":"https:\/\/lisboncruiseport.pt\/pt-pt\/wp-json\/wp\/v2\/types\/page"}],"author":[{"embeddable":true,"href":"https:\/\/lisboncruiseport.pt\/pt-pt\/wp-json\/wp\/v2\/users\/2"}],"replies":[{"embeddable":true,"href":"https:\/\/lisboncruiseport.pt\/pt-pt\/wp-json\/wp\/v2\/comments?post=5929"}],"version-history":[{"count":4,"href":"https:\/\/lisboncruiseport.pt\/pt-pt\/wp-json\/wp\/v2\/pages\/5929\/revisions"}],"predecessor-version":[{"id":7340,"href":"https:\/\/lisboncruiseport.pt\/pt-pt\/wp-json\/wp\/v2\/pages\/5929\/revisions\/7340"}],"wp:attachment":[{"href":"https:\/\/lisboncruiseport.pt\/pt-pt\/wp-json\/wp\/v2\/media?parent=5929"}],"curies":[{"name":"wp","href":"https:\/\/api.w.org\/{rel}","templated":true}]}}