{"id":5907,"date":"2024-02-25T22:28:14","date_gmt":"2024-02-25T22:28:14","guid":{"rendered":"https:\/\/lisbon.globalcruiseports.com\/sobre-nos\/career\/"},"modified":"2026-02-27T10:59:55","modified_gmt":"2026-02-27T10:59:55","slug":"carreira","status":"publish","type":"page","link":"https:\/\/lisboncruiseport.pt\/pt-pt\/sobre-nos\/carreira\/","title":{"rendered":"Carreira"},"content":{"rendered":"\r\n\r\n\r\n<section class=\"section page page-bg-light  \">\r\n\t<style>\r\n                .page-header-bg {\r\n                    background-image: url(https:\/\/lisboncruiseport.pt\/wp-content\/uploads\/sites\/45\/2025\/04\/Group-165031.png);\r\n                    background-size: cover;\r\n                    background-position: center;\r\n                }\r\n\t\t\t\t.hero-content{\r\n\t\t\t\t    top: 50%;\r\n    \t\t\t\tposition: absolute;\r\n    \t\t\t\ttransform: translateY(-50%);\r\n\t\t\t\t}\r\n              <\/style><div class=\"page-header-bg pr\">\t<div class=\"container w100\">\r\n\t\t<div class=\"row flex hero-content\">\r\n\t\t\t<div class=\"cl-12 page-header\">\r\n\t\t\t\t\t\t\t\t<h5><a href=\"https:\/\/lisboncruiseport.pt\/pt-pt\/\/about\/\" class=\"color-white\">ABOUT<\/a> > Carreira<\/h5>\r\n\t\t\t\t<h1>Carreira<\/h1>\r\n\t\t\t<\/div>\r\n\t\t<\/div>\r\n\t<\/div>\r\n\t<\/div>\r\n<\/section>\n\n<section class=\"section section-content-title page-bg-light\" id=\"page-bg-light\">\r\n\t<div class=\"container\">\r\n\t\t<div class=\"row flex align-i-center\">\r\n\t\t\t<div class=\"cl-5\">\r\n\t\t\t\t\t\t\t\t<h2>\r\n\t\t\t\t\tProntos para \t\t\t\t\t<br>\r\n\t\t\t\t\t<span class=\"primary-color\">o Futuro<\/span>\r\n\t\t\t\t<\/h2>\r\n\t\t\t<\/div>\r\n\t\t\t<div class=\"cl-7\">\r\n\t\t\t\t<p class=\"grey-color\">Procura fazer a diferen\u00e7a na ind\u00fastria de Cruzeiros? Descubra connosco percursos de carreira gratificantes e torne-se parte da nossa equipa din\u00e2mica e em crescimento na Lisbon Cruise Port.<\/p>\r\n\t\t\t<\/div>\r\n\t\t<\/div>\r\n\t<\/div>\r\n<\/section>\r\n\n\n<section class=\"section section-content-image page-bg-light\" id=\"page-bg-light\">\r\n\t<div class=\"container\">\r\n\t\t<div class=\"row flex align-i-center  flex-row-reverse \">\r\n\t\t\t<div class=\"cl-6\">\r\n\t\t\t\t<img decoding=\"async\" src=\"https:\/\/lisboncruiseport.pt\/wp-content\/uploads\/sites\/45\/2024\/02\/career-content-1.jpg\" class=\"w100\" alt=\"\" \/>\r\n\t\t\t<\/div>\r\n\t\t\t<div class=\"cl-1\">\r\n\t\t\t\t\r\n\t\t\t<\/div>\r\n\t\t\t<div class=\"cl-5\">\r\n\t\t\t\t<h3>Um Mar de Oportunidades<\/h3>\r\n\t\t\t\t<p>\u00c0 procura de uma carreira diferente? Junte-se \u00e0 nossa equipa!<\/p>\n<p>Desde cargos de atendimento ao p\u00fablico at\u00e9 fun\u00e7\u00f5es administrativas, cada membro da equipa desempenha um papel importante no sucesso do nosso neg\u00f3cio.<\/p>\n<p>Se est\u00e1 interessado(a) em saber mais sobre as oportunidades dispon\u00edveis na Lisbon Cruise Port e no setor de gest\u00e3o de portos de cruzeiros, consulte as nossas vagas abertas e envie o seu curr\u00edculo para <strong><a class=\"primary-color\" href=\"mailto:info@lisboncruiseport.pt\">info@lisboncruiseport.pt<\/a><\/strong>.<\/p>\n\t\t\t\t\t\t\t<\/div>\r\n\t\t<\/div>\r\n\t<\/div>\r\n<\/section>\r\n\n\n<section class=\"section section-content-image page-bg-light\" id=\"page-bg-light\">\r\n\t<div class=\"container\">\r\n\t\t<div class=\"row flex align-i-center \">\r\n\t\t\t<div class=\"cl-6\">\r\n\t\t\t\t<img decoding=\"async\" src=\"https:\/\/lisboncruiseport.pt\/wp-content\/uploads\/sites\/45\/2025\/05\/kariyer.jpg\" class=\"w100\" alt=\"\" \/>\r\n\t\t\t<\/div>\r\n\t\t\t<div class=\"cl-1\">\r\n\t\t\t\t\r\n\t\t\t<\/div>\r\n\t\t\t<div class=\"cl-5\">\r\n\t\t\t\t<h3>A Nossa Cultura<\/h3>\r\n\t\t\t\t<p>Ser membro da equipa LCP (Lisbon Cruise Port) significa juntar-se a uma comunidade de pessoas apaixonadas que se orgulham de prestar um servi\u00e7o de excel\u00eancia e criar experi\u00eancias memor\u00e1veis para os nossos h\u00f3spedes.<\/p>\n<p>Acreditamos no respeito, na colabora\u00e7\u00e3o consistente e na celebra\u00e7\u00e3o dos nossos sucessos coletivos. Uma vit\u00f3ria para qualquer parte da equipa \u00e9 uma vit\u00f3ria para toda a equipa! Somos orientados para os resultados, esfor\u00e7ando-nos diariamente para alcan\u00e7ar o sucesso em nome dos nossos h\u00f3spedes, colegas, parceiros, investidores e outras partes interessadas, rumo aos nossos objetivos comuns.<\/p>\n\t\t\t\t\t\t\t<\/div>\r\n\t\t<\/div>\r\n\t<\/div>\r\n<\/section>\r\n\n\n<section class=\"section section-content-image page-bg-light last\" id=\"page-bg-light last\">\r\n\t<div class=\"container\">\r\n\t\t<div class=\"row flex align-i-center  flex-row-reverse \">\r\n\t\t\t<div class=\"cl-6\">\r\n\t\t\t\t<img decoding=\"async\" src=\"https:\/\/lisboncruiseport.pt\/wp-content\/uploads\/sites\/45\/2025\/04\/kariyer-3.png\" class=\"w100\" alt=\"\" \/>\r\n\t\t\t<\/div>\r\n\t\t\t<div class=\"cl-1\">\r\n\t\t\t\t\r\n\t\t\t<\/div>\r\n\t\t\t<div class=\"cl-5\">\r\n\t\t\t\t<h3>Experi\u00eancia Global, Impacto Local<\/h3>\r\n\t\t\t\t<p>Como parte da fam\u00edlia Global Ports Holding, a Lisbon Cruise Port adota uma abordagem &#8220;glocal&#8221;. Com mais de 900 colaboradores de mais de 20 pa\u00edses na equipa GPH, combinamos o alcance global com a experi\u00eancia local para fornecer servi\u00e7os excecionais e conex\u00f5es significativas. Junte-se a n\u00f3s num ambiente din\u00e2mico onde as suas contribui\u00e7\u00f5es fazem a diferen\u00e7a tanto a n\u00edvel global como local.<\/p>\n\t\t\t\t\t\t\t<\/div>\r\n\t\t<\/div>\r\n\t<\/div>\r\n<\/section>\r\n\n\n\r\n<style>\r\n\t.section-career .page-header-bg {\r\n\t\tbackground-image: url(https:\/\/lisboncruiseport.pt\/wp-content\/uploads\/sites\/45\/2025\/05\/Group-216952.png);\r\n\t}\r\n<\/style>\r\n\r\n\t<section class=\"section section-career page page-bg-light d-none\">\r\n\t<div class=\"page-header-bg flex align-i-center justify-c-start\">\r\n\t\t<div class=\"container w100\">\r\n\t\t\t<div class=\"row flex\">\r\n\t\t\t\t<div class=\"cl-12 page-header\">\r\n\t\t\t\t\t<h1>Oportunidades de Carreira<\/h1>\r\n\t\t\t\t\t<p>Trabalhe connosco! Saiba mais sobre as nossas vagas abertas e candidate-se agora.<\/p>\r\n\t\t\t\t\t\t\t\t\t\t\t<a href=\"https:\/\/www.linkedin.com\/company\/lct---lisbon-cruise-terminals\/about\/\" class=\"career-cta\" target=\"_blank\">\r\n\t\t\t\t\t\t\tVISITE-NOS NO \t\t\t\t\t\t\t<img decoding=\"async\" src=\"https:\/\/lisboncruiseport.pt\/wp-content\/uploads\/sites\/45\/2024\/02\/icon-career-linkedin.svg\" alt=\"\" \/>\r\n\t\t\t\t\t\t<\/a>\r\n\t\t\t\t\t\t\t\t\t<\/div>\r\n\t\t\t<\/div>\r\n\t\t<\/div>\r\n\t<\/div>\r\n\t<div class=\"page-content-wrapper\">\r\n\t\t<div class=\"container\">\r\n\t\t\t<div class=\"row flex align-i-center justify-c-center\">\r\n\t\t\t\t<div class=\"cl-10\">\r\n\t\t\t\t\t<div class=\"page-bg-white\">\r\n\t\t\t\t\t\t<div class=\"\">\r\n\t\t\t\t\t\t\t<div class=\"row flex\">\r\n\t\t\t\t\t\t\t\t<div class=\"cl-12 section-career-jobs-title\">\r\n\t\t\t\t\t\t\t\t\tVagas\t\t\t\t\t\t\t\t<\/div>\r\n\t\t\t\t\t\t\t<\/div>\r\n\t\t\t\t\t\t<\/div>\r\n\t\t\t\t\t\t<div class=\"section-career-jobs-sub-titles accordion-legend\">\r\n\t\t\t\t\t\t\t<div class=\"row flex\">\r\n\t\t\t\t\t\t\t\t<div class=\"cl-4\">\r\n\t\t\t\t\t\t\t\t\tT\u00edtulo\t\t\t\t\t\t\t\t<\/div>\r\n\t\t\t\t\t\t\t\t<div class=\"cl-3\">\r\n\t\t\t\t\t\t\t\t\tLocaliza\u00e7\u00e3o\t\t\t\t\t\t\t\t<\/div>\r\n\t\t\t\t\t\t\t\t<div class=\"cl-5\">\r\n\t\t\t\t\t\t\t\t\tDepartamento\t\t\t\t\t\t\t\t<\/div>\r\n\t\t\t\t\t\t\t<\/div>\r\n\t\t\t\t\t\t<\/div>\r\n\t\t\t\t\t\t<div class=\"section-career-jobs-item accordion accordion-ii\">\r\n\t\t\t\t\t\t\tNo jobs found.\t\t\t\t\t\t<\/div>\r\n\t\t\t\t\t<\/div>\r\n\t\t\t\t<\/div>\r\n\t\t\t<\/div>\r\n\t\t<\/div>\r\n\t<\/div>\r\n\t\r\n<\/section>\r\n\r\n<div class=\"modal-wrapper hide\">\r\n\t<div class=\"container\">\r\n\t\t<div class=\"row flex align-i-center justify-c-center\">\r\n\t\t\t<div class=\"cl-10\">\r\n\t\t\t\t<div class=\"dark-form-wrapper modal-form-wrapper\">\r\n\t\t\t\t\t<div class=\"modal-close\">\r\n\t\t\t\t\t\t<span><\/span>\r\n\t\t\t\t\t\t<span><\/span>\r\n\t\t\t\t\t<\/div>\r\n\t\t\t\t\t\n<div class=\"wpcf7 no-js\" id=\"wpcf7-f5841-o1\" lang=\"pt-PT\" dir=\"ltr\" data-wpcf7-id=\"5841\">\n<div class=\"screen-reader-response\"><p role=\"status\" aria-live=\"polite\" aria-atomic=\"true\"><\/p> <ul><\/ul><\/div>\n<form action=\"\/pt-pt\/wp-json\/wp\/v2\/pages\/5907#wpcf7-f5841-o1\" method=\"post\" class=\"wpcf7-form init\" aria-label=\"Formul\u00e1rio de contacto\" enctype=\"multipart\/form-data\" novalidate=\"novalidate\" data-status=\"init\">\n<fieldset class=\"hidden-fields-container\"><input type=\"hidden\" name=\"_wpcf7\" value=\"5841\" \/><input type=\"hidden\" name=\"_wpcf7_version\" value=\"6.1.5\" \/><input type=\"hidden\" name=\"_wpcf7_locale\" value=\"pt_PT\" \/><input type=\"hidden\" name=\"_wpcf7_unit_tag\" value=\"wpcf7-f5841-o1\" \/><input type=\"hidden\" name=\"_wpcf7_container_post\" value=\"0\" \/><input type=\"hidden\" name=\"_wpcf7_posted_data_hash\" value=\"\" \/><input type=\"hidden\" name=\"_wpcf7_recaptcha_response\" value=\"\" \/>\n<\/fieldset>\n<div class=\"row flex form-group\">\n\t<div class=\"cl-6\">\n\t\t<p><label class=\"label-placeholder\"><span class=\"plc-label\">Nome Pr\u00f3prio*<\/span><span class=\"wpcf7-form-control-wrap\" data-name=\"form-name\"><input size=\"40\" maxlength=\"400\" class=\"wpcf7-form-control wpcf7-text wpcf7-validates-as-required\" aria-required=\"true\" aria-invalid=\"false\" value=\"\" type=\"text\" name=\"form-name\" \/><\/span><\/label>\n\t\t<\/p>\n\t<\/div>\n\t<div class=\"cl-6\">\n\t\t<p><label class=\"label-placeholder\"><span class=\"plc-label\">Apelido*<\/span><span class=\"wpcf7-form-control-wrap\" data-name=\"form-surname\"><input size=\"40\" maxlength=\"400\" class=\"wpcf7-form-control wpcf7-text wpcf7-validates-as-required\" aria-required=\"true\" aria-invalid=\"false\" value=\"\" type=\"text\" name=\"form-surname\" \/><\/span><\/label>\n\t\t<\/p>\n\t<\/div>\n<\/div>\n<div class=\"row flex form-group\">\n\t<div class=\"cl-6\">\n\t\t<p><label class=\"label-placeholder\"><span class=\"plc-label\">Endere\u00e7o de E-mail*<\/span><span class=\"wpcf7-form-control-wrap\" data-name=\"form-email\"><input size=\"40\" maxlength=\"400\" class=\"wpcf7-form-control wpcf7-email wpcf7-validates-as-required wpcf7-text wpcf7-validates-as-email\" aria-required=\"true\" aria-invalid=\"false\" value=\"\" type=\"email\" name=\"form-email\" \/><\/span><\/label>\n\t\t<\/p>\n\t<\/div>\n\t<div class=\"cl-6\">\n\t\t<p><label class=\"label-placeholder focused-fixed left-focused\"><span class=\"plc-label\">N\u00famero de Telem\u00f3vel*<\/span>[phonetext* phone-number numberonly]<\/label>\n\t\t<\/p>\n\t<\/div>\n<\/div>\n<div class=\"row flex form-group\">\n\t<div class=\"cl-12\">\n\t\t<p><label class=\"label-placeholder focused-fixed\"><span class=\"plc-label\">Position*<\/span><input id=\"form-position\" disabled \/><\/label>\n\t\t<\/p>\n\t<\/div>\n<\/div>\n<div class=\"row flex form-group form-file-group\">\n\t<div class=\"cl-12 z-index-2\">\n\t\t<p><label class=\"label-placeholder\"><span class=\"plc-label\">Upload Resume*<\/span><span class=\"wpcf7-form-control-wrap\" data-name=\"file-resume\"><input size=\"40\" class=\"wpcf7-form-control wpcf7-file\" id=\"fileInput\" accept=\".pdf,.doc,.docx\" aria-invalid=\"false\" type=\"file\" name=\"file-resume\" \/><\/span><\/label>\n\t\t<\/p>\n\t<\/div>\n\t<p class=\"file-name\" id=\"fileName\">\n\t<\/p>\n<\/div>\n<div class=\"row flex form-group\">\n\t<div class=\"cl-7\">\n\t\t<p><span class=\"wpcf7-form-control-wrap\" data-name=\"form-acceptance\"><span class=\"wpcf7-form-control wpcf7-acceptance\"><span class=\"wpcf7-list-item\"><label><input type=\"checkbox\" name=\"form-acceptance\" value=\"1\" aria-invalid=\"false\" \/><span class=\"wpcf7-list-item-label\">Lorem ipsum dolor sit amet, consetetur sadipscing elitr, sed diam nonumy eirmod tempor invidunt ut labore et dolore magna aliquyam erat, sed diam voluptua. At vero eos et accusam et justo duo dolores et ea rebum. Stet clita kasd gubergren, no sea takimata sanctus est<\/span><\/label><\/span><\/span><\/span>\n\t\t<\/p>\n\t<\/div>\n\t<div class=\"cl-5\">\n\t\t<p><input class=\"wpcf7-form-control wpcf7-submit has-spinner primary-bg-color\" type=\"submit\" value=\"SEND\" \/>\n\t\t<\/p>\n\t<\/div>\n<\/div><div class=\"wpcf7-response-output\" aria-hidden=\"true\"><\/div>\n<\/form>\n<\/div>\n\t\t\t\t<\/div>\r\n\t\t\t<\/div>\r\n\t\t<\/div>\r\n\t<\/div>\r\n<\/div>\r\n\r\n<script>\r\n\tdocument.addEventListener('DOMContentLoaded', function() {\r\n\t\tconst openModalSpans = document.querySelectorAll('.career-apply-form');\r\n\t\tconst ModalWrapper = document.querySelector('.modal-wrapper');\r\n\t\tconst formPositionInput = document.getElementById('form-position');\r\n\t\tconst modalCloseButton = document.querySelector('.modal-close');\r\n\r\n\t\t\/\/ Function to open the modal\r\n\t\tfunction openModal(positionValue) {\r\n\t\t\tformPositionInput.value = positionValue;\r\n\t\t\tModalWrapper.classList.remove('hide');\r\n\t\t}\r\n\r\n\t\t\/\/ Function to close the modal\r\n\t\tfunction closeModal() {\r\n\t\t\tModalWrapper.classList.add('hide');\r\n\t\t}\r\n\r\n\t\t\/\/ Event listeners for each career-apply-form span\r\n\t\topenModalSpans.forEach(function(span) {\r\n\t\t\tspan.addEventListener('click', function(event) {\r\n\t\t\t\tconst positionValue = span.getAttribute('data-position');\r\n\t\t\t\topenModal(positionValue);\r\n\t\t\t});\r\n\t\t});\r\n\r\n\t\t\/\/ Event listener for the modal close button\r\n\t\tif (modalCloseButton) {\r\n\t\t\tmodalCloseButton.addEventListener('click', function() {\r\n\t\t\t\tcloseModal(); \/\/ Close the modal when modal-close button is clicked\r\n\t\t\t});\r\n\t\t}\r\n\r\n\t\t\/\/ Event listener to close modal when clicking outside the modal\r\n\t\tdocument.addEventListener('click', function(event) {\r\n\t\t\tif (!ModalWrapper.contains(event.target) && event.target !== modalCloseButton && !isModalOpen()) {\r\n\t\t\t\tcloseModal(); \/\/ Close modal if click is outside the modal and not on modal-close button\r\n\t\t\t}\r\n\t\t});\r\n\r\n\t\t\/\/ Function to check if modal is currently open\r\n\t\tfunction isModalOpen() {\r\n\t\t\treturn !ModalWrapper.classList.contains('hide');\r\n\t\t}\r\n\t});\r\n<\/script>\n\n","protected":false},"excerpt":{"rendered":"","protected":false},"author":1,"featured_media":0,"parent":5846,"menu_order":8,"comment_status":"closed","ping_status":"closed","template":"","meta":{"_acf_changed":false,"footnotes":""},"class_list":["post-5907","page","type-page","status-publish","hentry"],"acf":[],"_links":{"self":[{"href":"https:\/\/lisboncruiseport.pt\/pt-pt\/wp-json\/wp\/v2\/pages\/5907","targetHints":{"allow":["GET"]}}],"collection":[{"href":"https:\/\/lisboncruiseport.pt\/pt-pt\/wp-json\/wp\/v2\/pages"}],"about":[{"href":"https:\/\/lisboncruiseport.pt\/pt-pt\/wp-json\/wp\/v2\/types\/page"}],"author":[{"embeddable":true,"href":"https:\/\/lisboncruiseport.pt\/pt-pt\/wp-json\/wp\/v2\/users\/1"}],"replies":[{"embeddable":true,"href":"https:\/\/lisboncruiseport.pt\/pt-pt\/wp-json\/wp\/v2\/comments?post=5907"}],"version-history":[{"count":5,"href":"https:\/\/lisboncruiseport.pt\/pt-pt\/wp-json\/wp\/v2\/pages\/5907\/revisions"}],"predecessor-version":[{"id":7341,"href":"https:\/\/lisboncruiseport.pt\/pt-pt\/wp-json\/wp\/v2\/pages\/5907\/revisions\/7341"}],"up":[{"embeddable":true,"href":"https:\/\/lisboncruiseport.pt\/pt-pt\/wp-json\/wp\/v2\/pages\/5846"}],"wp:attachment":[{"href":"https:\/\/lisboncruiseport.pt\/pt-pt\/wp-json\/wp\/v2\/media?parent=5907"}],"curies":[{"name":"wp","href":"https:\/\/api.w.org\/{rel}","templated":true}]}}