{"id":5785,"date":"2024-03-10T15:14:41","date_gmt":"2024-03-10T15:14:41","guid":{"rendered":"https:\/\/lisbon.globalcruiseports.com\/parking\/"},"modified":"2026-03-03T09:17:37","modified_gmt":"2026-03-03T09:17:37","slug":"estacionamento","status":"publish","type":"page","link":"https:\/\/lisboncruiseport.pt\/pt-pt\/estacionamento\/","title":{"rendered":"Estacionamento"},"content":{"rendered":"\r\n<section class=\"section page page-bg-light  \">\r\n\t<style>\r\n                .page-header-bg {\r\n                    background-image: url(https:\/\/lisboncruiseport.pt\/wp-content\/uploads\/sites\/45\/2025\/05\/DJI_0351-1-scaled.jpg);\r\n                    background-size: cover;\r\n                    background-position: center;\r\n                }\r\n\t\t\t\t.hero-content{\r\n\t\t\t\t    top: 50%;\r\n    \t\t\t\tposition: absolute;\r\n    \t\t\t\ttransform: translateY(-50%);\r\n\t\t\t\t}\r\n              <\/style><div class=\"page-header-bg pr\">\t<div class=\"container w100\">\r\n\t\t<div class=\"row flex hero-content\">\r\n\t\t\t<div class=\"cl-12 page-header\">\r\n\t\t\t\t<h5>Estacionamento<\/h5>\r\n\t\t\t\t<h1>Estacionamento<\/h1>\r\n\t\t\t<\/div>\r\n\t\t<\/div>\r\n\t<\/div>\r\n\t<\/div>\r\n<\/section>\r\n\r\n<section class=\"section mb-4\">\r\n\t<div class=\"schedule-container\">\r\n\t\t<div class=\"container\">\r\n\t\t\t<div class=\"row flex align-i-center justify-c-center\">\r\n\t\t\t\t<div class=\"cl-12\">\r\n\t\t\t\t\t<div class=\"\">\r\n\t\t\t\t\t\t<div class=\"row flex page-sub-menu\">\r\n\t\t\t\t\t\t\t<div class=\"cl-12\">\r\n\t\t\t\t\t\t\t\t<nav class=\"menu-class\"><ul id=\"menu-transportation-parking-portuguese-portugal\" class=\"menu flex align-i-center justify-c-center\"><li id=\"menu-item-6722\" class=\"menu-item menu-item-type-post_type menu-item-object-page menu-item-6722\"><a href=\"https:\/\/lisboncruiseport.pt\/pt-pt\/transporte\/\">Transporte<\/a><\/li>\n<li id=\"menu-item-6723\" class=\"menu-item menu-item-type-post_type menu-item-object-page menu-item-6723\"><a href=\"https:\/\/lisboncruiseport.pt\/pt-pt\/estacionamento\/\">Estacionamento<\/a><\/li>\n<\/ul><\/nav>\t\t\t\t\t\t\t<\/div>\r\n\t\t\t\t\t\t<\/div>\r\n\t\t\t\t\t\t<div class=\"row flex align-i-center\">\r\n\t\t\t\t\t\t\t<div class=\"cl-5\">\r\n\t\t\t\t\t\t\t\t<h2>\r\n\t\t\t\t\t\t\t\t\tA sua aventura \t\t\t\t\t\t\t\t\t<br>\r\n\t\t\t\t\t\t\t\t\t<span class=\"primary-color\">come\u00e7a aqui<\/span>\r\n\t\t\t\t\t\t\t\t<\/h2>\r\n\t\t\t\t\t\t\t<\/div>\r\n\t\t\t\t\t\t\t<div class=\"cl-7\">\r\n\t\t\t\t\t\t\t\t<p class=\"grey-color\">Chegar e sair de lisboa \u00e9 f\u00e1cil! \r\nQuer chegue de carro, transportes ou por outros meios, encontrar\u00e1 diversas op\u00e7\u00f5es de viagem convinientes e muito estacionamento para garantir um percurso tranquilo.<\/p>\r\n\t\t\t\t\t\t\t<\/div>\r\n\t\t\t\t\t\t<\/div>\r\n\t\t\t\t\t\t<div class=\"row flex parking-booking-wrapper align-i-center\">\r\n\t\t\t\t\t\t\t<div class=\"cl-4\">\r\n\t\t\t\t\t\t\t\t<h3>Parque de Estacionamento no Terminal de Cruzeiros de Lisboa<\/h3>\r\n\t\t\t\t\t\t\t\t<p><p>\u00c9 poss\u00edvel estacionar no Terminal de Cruzeiros de Lisboa atrav\u00e9s do servi\u00e7o oficial da Telpark.<\/p>\n<p>O parque de estacinamento oferece seguran\u00e7a e um acesso f\u00e1cil, encontra-se a apenas alguns passos de dist\u00e2ncia da zona de embarque.<\/p>\n<p>Isto permite que os passageiros deixem os seus ve\u00edculos em seguran\u00e7a e iniciem a sua viagem de cruzeiro com total tranquilidade.<\/p>\n<p>&nbsp;<\/p>\n<p><strong>Doca Jardim do Tabaco, Terminal de Cruzeiros de Lisboa, 1100-651 Lisboa<\/strong><\/p>\n<p>&nbsp;<\/p>\n<p><a class=\"primary-bg-color\" style=\"display: block; color: #fff; font-weight: 500; border-radius: 1.25rem; padding: 0.625rem 2.1875rem; width: max-content;\" href=\"https:\/\/reserva.telpark.com\/en\/parking\/LISBOA_TERMINAL_CRUZEIROS_PARKING\" target=\"_blank\" rel=\"noopener\">RESERVE O SEU ESTACIONAMENTO<\/a><\/p>\n<\/p>\r\n\t\t\t\t\t\t\t\t\r\n\t\t\t\t\t\t\t<\/div>\r\n\t\t\t\t\t\t\t<div class=\"cl-7 offset-1\">\r\n\t\t\t\t\t\t\t\t<img decoding=\"async\" src=\"https:\/\/lisboncruiseport.pt\/wp-content\/uploads\/sites\/45\/2025\/03\/parking-scaled.jpg\" class=\"w100\" alt=\"\" \/>\r\n\t\t\t\t\t\t\t<\/div>\r\n\t\t\t\t\t\t<\/div>\r\n\t\t\t\t\t<\/div>\r\n\t\t\t\t<\/div>\r\n\t\t\t<\/div>\r\n\t\t<\/div>\r\n\t<\/div>\r\n<\/section>\r\n\r\n\r\n\n\n\r\n<style>\r\n\t.section-social-responsibilities .page-header-bg {\r\n\t\tbackground-image: url('https:\/\/lisboncruiseport.pt\/wp-content\/uploads\/sites\/45\/2024\/04\/parking-prices-bg.jpg');\r\n\t}\r\n<\/style>\r\n\r\n\n\n\n\n","protected":false},"excerpt":{"rendered":"","protected":false},"author":1,"featured_media":0,"parent":0,"menu_order":42,"comment_status":"closed","ping_status":"closed","template":"","meta":{"_acf_changed":false,"footnotes":""},"class_list":["post-5785","page","type-page","status-publish","hentry"],"acf":[],"_links":{"self":[{"href":"https:\/\/lisboncruiseport.pt\/pt-pt\/wp-json\/wp\/v2\/pages\/5785","targetHints":{"allow":["GET"]}}],"collection":[{"href":"https:\/\/lisboncruiseport.pt\/pt-pt\/wp-json\/wp\/v2\/pages"}],"about":[{"href":"https:\/\/lisboncruiseport.pt\/pt-pt\/wp-json\/wp\/v2\/types\/page"}],"author":[{"embeddable":true,"href":"https:\/\/lisboncruiseport.pt\/pt-pt\/wp-json\/wp\/v2\/users\/1"}],"replies":[{"embeddable":true,"href":"https:\/\/lisboncruiseport.pt\/pt-pt\/wp-json\/wp\/v2\/comments?post=5785"}],"version-history":[{"count":9,"href":"https:\/\/lisboncruiseport.pt\/pt-pt\/wp-json\/wp\/v2\/pages\/5785\/revisions"}],"predecessor-version":[{"id":7444,"href":"https:\/\/lisboncruiseport.pt\/pt-pt\/wp-json\/wp\/v2\/pages\/5785\/revisions\/7444"}],"wp:attachment":[{"href":"https:\/\/lisboncruiseport.pt\/pt-pt\/wp-json\/wp\/v2\/media?parent=5785"}],"curies":[{"name":"wp","href":"https:\/\/api.w.org\/{rel}","templated":true}]}}