{"id":5716,"date":"2024-03-10T15:17:04","date_gmt":"2024-03-10T15:17:04","guid":{"rendered":"https:\/\/lisbon.globalcruiseports.com\/special-tips\/"},"modified":"2026-02-27T10:49:08","modified_gmt":"2026-02-27T10:49:08","slug":"dicas-especiais","status":"publish","type":"page","link":"https:\/\/lisboncruiseport.pt\/pt-pt\/destino\/dicas-especiais\/","title":{"rendered":"Dicas especiais"},"content":{"rendered":"\r\n<section class=\"section page page-bg-light \">\r\n\t<style>\r\n                .page-header-bg {\r\n                    background-image: url(https:\/\/lisboncruiseport.pt\/wp-content\/uploads\/sites\/45\/2025\/04\/special-tips.png);\r\n                    background-size: cover;\r\n                    background-position: center;\r\n                }\r\n\t\t\t\t.hero-content{\r\n\t\t\t\t    top: 50%;\r\n    \t\t\t\tposition: absolute;\r\n    \t\t\t\ttransform: translateY(-50%);\r\n\t\t\t\t}\r\n              <\/style><div class=\"page-header-bg pr\">\t<div class=\"container w100\">\r\n\t\t<div class=\"row flex hero-content\">\r\n\t\t\t<div class=\"cl-12 page-header\">\r\n\t\t\t<h5 class=\"uppercase\">\r\n\tDESTINO >  Dicas especiais<\/h5>\r\n\r\n\t\t\t\t<h1><\/h1>\r\n\t\t\t<\/div>\r\n\t\t<\/div>\r\n\t<\/div>\r\n\t<\/div>\r\n<\/section>\r\n\r\n<div class=\"section-page-top-menu-wrapper\">\r\n\t<nav class=\"menu-class\"><ul id=\"menu-destination-portuguese-portugal\" class=\"menu flex align-i-center justify-c-center\"><li id=\"menu-item-6704\" class=\"menu-item menu-item-type-post_type menu-item-object-page menu-item-6704\"><a href=\"https:\/\/lisboncruiseport.pt\/pt-pt\/destino\/eventos\/\">Eventos<\/a><\/li>\n<li id=\"menu-item-6705\" class=\"menu-item menu-item-type-post_type menu-item-object-page menu-item-6705\"><a href=\"https:\/\/lisboncruiseport.pt\/pt-pt\/destino\/atracoes-principais\/\">Atra\u00e7\u00f5es Principais<\/a><\/li>\n<li id=\"menu-item-6706\" class=\"menu-item menu-item-type-post_type menu-item-object-page menu-item-6706\"><a href=\"https:\/\/lisboncruiseport.pt\/pt-pt\/destino\/o-que-comprar\/\">O Que Comprar<\/a><\/li>\n<li id=\"menu-item-6707\" class=\"menu-item menu-item-type-post_type menu-item-object-page menu-item-6707\"><a href=\"https:\/\/lisboncruiseport.pt\/pt-pt\/destino\/excurssoes\/\">Excurss\u00f5es<\/a><\/li>\n<li id=\"menu-item-6708\" class=\"menu-item menu-item-type-post_type menu-item-object-page menu-item-6708\"><a href=\"https:\/\/lisboncruiseport.pt\/pt-pt\/destino\/dicas-especiais\/\">Dicas Especiais<\/a><\/li>\n<li id=\"menu-item-6709\" class=\"menu-item menu-item-type-post_type menu-item-object-page menu-item-6709\"><a href=\"https:\/\/lisboncruiseport.pt\/pt-pt\/destino\/compre-e-saboreie\/\">Compre e Saboreie<\/a><\/li>\n<li id=\"menu-item-7074\" class=\"menu-item menu-item-type-post_type menu-item-object-page menu-item-7074\"><a href=\"https:\/\/lisboncruiseport.pt\/pt-pt\/destino\/shorex\/\">Shorex<\/a><\/li>\n<\/ul><\/nav><\/div>\r\n\r\n<script>\r\n\tdocument.addEventListener(\"DOMContentLoaded\", function () {\r\n    \/\/ Sadece mobilde \u00e7al\u0131\u015ft\u0131r\r\n    if (window.innerWidth <= 768) {\r\n        var currentMenuItem = document.querySelector(\"#menu-destination .current-menu-item\");\r\n        if (currentMenuItem) {\r\n            currentMenuItem.scrollIntoView({\r\n                behavior: \"smooth\",\r\n                block: \"nearest\",\r\n                inline: \"center\"\r\n            });\r\n        }\r\n    }\r\n});\r\n\r\n<\/script>\r\n\r\n<section class=\"section section-content-title \">\r\n\t<div class=\"container\">\r\n\t\t<div class=\"row flex align-i-center\">\r\n\t\t\t<div class=\"cl-5\">\r\n\t\t\t\t<h3><\/h3>\r\n\t\t\t\t<h2>\r\n\t\t\t\t\tGuia exclusivo \t\t\t\t\t<br>\r\n\t\t\t\t\t<span class=\"primary-color\">Dicas especiais<\/span>\r\n\t\t\t\t<\/h2>\r\n\t\t\t<\/div>\r\n\t\t\t<div class=\"cl-7\">\r\n\t\t\t\t<p class=\"grey-color\">Descubra os segredos da cidade com dicas especiais! Saiba mais com quem conhece a regi\u00e3o e encontre locais imperd\u00edveis, esperi\u00eancias \u00fanicas e as melhores formas de aproveitar ao m\u00e1ximo a sua visita.<\/p>\r\n\t\t\t<\/div>\r\n\t\t<\/div>\r\n\t<\/div>\r\n<\/section>\r\n\r\n<section class=\"destination-posts-wrapper special-trips\">\r\n\t<div class=\"container\">\r\n\t\t<div id=\"posts-list-view\">\r\n\t\t\t<div class=\"row flex\">\r\n\t\t\t\t<div class=\"cl-12\">\r\n\t\t\t\t\t\r\n\t\t\t\t\t\t<div id=\"special-tips-container\" class=\"row flex flex-wrap list-posts\">\r\n\t\t\t\t\t\t\t<div class=\"cl-4\" id=\"pID-5948\">\r\n\t<div class=\"item\">\r\n\t\t<div class=\"post-destinations-listing-image\">\r\n\t\t\t<img decoding=\"async\" src=\"https:\/\/lisboncruiseport.pt\/wp-content\/uploads\/sites\/45\/2026\/01\/5123532154.jpg\" alt=\"\" class=\"w100\" \/>\r\n\t\t\t\t\t<\/div>\r\n\t\t<div class=\"post-destinations-title\">\r\n\t\t\tUse Cal\u00e7ado Confort\u00e1vel\t\t<\/div>\r\n\t\t<div class=\"post-destinations-summary\">\r\n\t\t\tA cidade foi constru\u00edda sobre sete colinas, e as ruas de cal\u00e7ada podem ser escorregadias.\t\t<\/div>\r\n\t\t\t<\/div>\r\n<\/div><div class=\"cl-4\" id=\"pID-5958\">\r\n\t<div class=\"item\">\r\n\t\t<div class=\"post-destinations-listing-image\">\r\n\t\t\t<img decoding=\"async\" src=\"https:\/\/lisboncruiseport.pt\/wp-content\/uploads\/sites\/45\/2026\/01\/6243436524.jpg\" alt=\"\" class=\"w100\" \/>\r\n\t\t\t\t\t<\/div>\r\n\t\t<div class=\"post-destinations-title\">\r\n\t\t\tProteja-se do Sol\t\t<\/div>\r\n\t\t<div class=\"post-destinations-summary\">\r\n\t\t\tUse protetor solar, fa\u00e7a pausas e hidrate-se para evitar insola\u00e7\u00e3o.\t\t<\/div>\r\n\t\t\t<\/div>\r\n<\/div><div class=\"cl-4\" id=\"pID-5960\">\r\n\t<div class=\"item\">\r\n\t\t<div class=\"post-destinations-listing-image\">\r\n\t\t\t<img decoding=\"async\" src=\"https:\/\/lisboncruiseport.pt\/wp-content\/uploads\/sites\/45\/2026\/01\/452364236423.jpg\" alt=\"\" class=\"w100\" \/>\r\n\t\t\t\t\t<\/div>\r\n\t\t<div class=\"post-destinations-title\">\r\n\t\t\tTraga algum Dinheiro Vivo\t\t<\/div>\r\n\t\t<div class=\"post-destinations-summary\">\r\n\t\t\tEmbora os pagamentos com cart\u00e3o sejam comuns, algumas lojas e restaurantes mais pequenos ainda aceitam apenas dinheiro.\t\t<\/div>\r\n\t\t\t<\/div>\r\n<\/div><div class=\"cl-4\" id=\"pID-5971\">\r\n\t<div class=\"item\">\r\n\t\t<div class=\"post-destinations-listing-image\">\r\n\t\t\t<img decoding=\"async\" src=\"https:\/\/lisboncruiseport.pt\/wp-content\/uploads\/sites\/45\/2026\/01\/6235463246.jpg\" alt=\"\" class=\"w100\" \/>\r\n\t\t\t\t\t<\/div>\r\n\t\t<div class=\"post-destinations-title\">\r\n\t\t\tViva a Cultura Noturna\t\t<\/div>\r\n\t\t<div class=\"post-destinations-summary\">\r\n\t\t\tO jantar costuma ser servido tarde, com a maioria dos locais a come\u00e7ar por volta das 20h30 ou 21h00.\t\t<\/div>\r\n\t\t\t<\/div>\r\n<\/div><div class=\"cl-4\" id=\"pID-5977\">\r\n\t<div class=\"item\">\r\n\t\t<div class=\"post-destinations-listing-image\">\r\n\t\t\t<img decoding=\"async\" src=\"https:\/\/lisboncruiseport.pt\/wp-content\/uploads\/sites\/45\/2026\/01\/3426543265.jpg\" alt=\"\" class=\"w100\" \/>\r\n\t\t\t\t\t<\/div>\r\n\t\t<div class=\"post-destinations-title\">\r\n\t\t\tSaboreie as Iguarias Locais\t\t<\/div>\r\n\t\t<div class=\"post-destinations-summary\">\r\n\t\t\tSaboreie as Iguarias Locais \u2013 N\u00e3o saia da cidade sem provar os Past\u00e9is de Nata.\t\t<\/div>\r\n\t\t\t<\/div>\r\n<\/div><div class=\"cl-4\" id=\"pID-5983\">\r\n\t<div class=\"item\">\r\n\t\t<div class=\"post-destinations-listing-image\">\r\n\t\t\t<img decoding=\"async\" src=\"https:\/\/lisboncruiseport.pt\/wp-content\/uploads\/sites\/45\/2026\/01\/236432463256423.jpg\" alt=\"\" class=\"w100\" \/>\r\n\t\t\t\t\t<\/div>\r\n\t\t<div class=\"post-destinations-title\">\r\n\t\t\tPlaneie para Encerramento\t\t<\/div>\r\n\t\t<div class=\"post-destinations-summary\">\r\n\t\t\tMuitas lojas fecham ao domingo, embora algumas em zonas tur\u00edsticas permane\u00e7am abertas. Os mercados de domingo s\u00e3o uma excelente alternativa.\t\t<\/div>\r\n\t\t\t<\/div>\r\n<\/div><div class=\"cl-4\" id=\"pID-5989\">\r\n\t<div class=\"item\">\r\n\t\t<div class=\"post-destinations-listing-image\">\r\n\t\t\t<img decoding=\"async\" src=\"https:\/\/lisboncruiseport.pt\/wp-content\/uploads\/sites\/45\/2026\/01\/52135423154321354.jpg\" alt=\"\" class=\"w100\" \/>\r\n\t\t\t\t\t<\/div>\r\n\t\t<div class=\"post-destinations-title\">\r\n\t\t\tProteja os seus Pertences\t\t<\/div>\r\n\t\t<div class=\"post-destinations-summary\">\r\n\t\t\tUse uma mala a tiracolo com fecho seguro e mantenha-a \u00e0 frente do corpo.\t\t<\/div>\r\n\t\t\t<\/div>\r\n<\/div><div class=\"cl-4\" id=\"pID-5995\">\r\n\t<div class=\"item\">\r\n\t\t<div class=\"post-destinations-listing-image\">\r\n\t\t\t<img decoding=\"async\" src=\"https:\/\/lisboncruiseport.pt\/wp-content\/uploads\/sites\/45\/2026\/01\/4325464325423.jpg\" alt=\"\" class=\"w100\" \/>\r\n\t\t\t\t\t<\/div>\r\n\t\t<div class=\"post-destinations-title\">\r\n\t\t\tEvite Armadilhas para Turistas &#8211; Escolha Operadores Licenciados\t\t<\/div>\r\n\t\t<div class=\"post-destinations-summary\">\r\n\t\t\tExistem muitos locais, especialmente na zona da Baixa, que afirmam ser \"aut\u00eanticos\" ou \"tipicamente portugueses\", quando na realidade\u00a0n\u00e3o\u00a0o\u00a0s\u00e3o.\t\t<\/div>\r\n\t\t\t<\/div>\r\n<\/div><div class=\"cl-4\" id=\"pID-6001\">\r\n\t<div class=\"item\">\r\n\t\t<div class=\"post-destinations-listing-image\">\r\n\t\t\t<img decoding=\"async\" src=\"https:\/\/lisboncruiseport.pt\/wp-content\/uploads\/sites\/45\/2026\/01\/2346542364235.jpg\" alt=\"\" class=\"w100\" \/>\r\n\t\t\t\t\t<\/div>\r\n\t\t<div class=\"post-destinations-title\">\r\n\t\t\tEncontre Fado Aut\u00eantico\t\t<\/div>\r\n\t\t<div class=\"post-destinations-summary\">\r\n\t\t\tProcure casas de Fado genu\u00ednas para vivenciar este g\u00e9nero musical tradicional.\t\t<\/div>\r\n\t\t\t<\/div>\r\n<\/div>\t\t\t\t\t\t<\/div>\r\n\t\t\t\t\t\t\t\t\t\t\t\t<button style=\"display: flex; justify-content: center; align-items: center; width: 100%;\" class=\"load-more-btn primary-color\" id=\"load-more-button\">\r\n\t\t\t\t\t\t\t<span class=\"primary-bg-color\"><svg xmlns=\"http:\/\/www.w3.org\/2000\/svg\" width=\"14.024\" height=\"13.567\" viewBox=\"0 0 14.024 13.567\">\r\n\t\t\t\t\t\t\t\t\t<g id=\"Button_Arrow_Down\" data-name=\"Icon feather-arrow-up-right\" transform=\"translate(-3.488 -8.303)\">\r\n\t\t\t\t\t\t\t\t\t\t<path id=\"Path_3\" data-name=\"Path 3\" d=\"M10.5,20.5V9.3\" fill=\"none\" stroke=\"#fff\" stroke-linecap=\"round\" stroke-linejoin=\"round\" stroke-width=\"2\"><\/path>\r\n\t\t\t\t\t\t\t\t\t\t<path id=\"Path_6477\" data-name=\"Path 6477\" d=\"M10.5,20.5l5.969-5.531L10.5,9.3\" transform=\"translate(25.401 4.401) rotate(90)\" fill=\"none\" stroke=\"#fff\" stroke-linecap=\"round\" stroke-linejoin=\"round\" stroke-width=\"2\"><\/path>\r\n\t\t\t\t\t\t\t\t\t<\/g>\r\n\t\t\t\t\t\t\t\t<\/svg><\/span>\r\n\t\t\t\t\t\t\tLOAD MORE\r\n\t\t\t\t\t\t<\/button>\r\n\r\n\t\t\t\t\t\t<script>\r\n\t\t\t\t\t\t\tjQuery(function($) {\r\n\t\t\t\t\t\t\t\tvar page = 1;\r\n\t\t\t\t\t\t\t\t$('#load-more-button').on('click', function() {\r\n\t\t\t\t\t\t\t\t\tpage++;\r\n\t\t\t\t\t\t\t\t\tvar data = {\r\n\t\t\t\t\t\t\t\t\t\t'action': 'load_more_special_tips',\r\n\t\t\t\t\t\t\t\t\t\t'page': page,\r\n\t\t\t\t\t\t\t\t\t};\r\n\t\t\t\t\t\t\t\t\t$.post('https:\/\/lisboncruiseport.pt\/wp-admin\/admin-ajax.php', data, function(response) {\r\n\t\t\t\t\t\t\t\t\t\t$('#special-tips-container').append(response);\r\n\t\t\t\t\t\t\t\t\t\tvar itemCount = $(response).filter('.cl-4').length;\r\n\t\t\t\t\t\t\t\t\t\tif (itemCount < 9 || response.trim() === '') {\r\n\t\t\t\t\t\t\t\t\t\t\t$('#load-more-button').hide();\r\n\t\t\t\t\t\t\t\t\t\t}\r\n\t\t\t\t\t\t\t\t\t});\r\n\t\t\t\t\t\t\t\t});\r\n\t\t\t\t\t\t\t});\r\n\t\t\t\t\t\t<\/script>\r\n\t\t\t\t\t\t\r\n\t\t\t\t\t\r\n\t\t\t\t<\/div>\r\n\t\t\t<\/div>\r\n\t\t<\/div>\r\n\t<\/div>\r\n<\/section>\r\n\r\n\n\n\r\n\r\n\t<section class=\"section section-content-title section-destinations-others-slider-row footer-space-mr \">\r\n\t\t<div class=\"container\">\r\n\t\t\t<div class=\"row flex align-i-center\">\r\n\t\t\t\t<div class=\"cl-5\">\r\n\t\t\t\t\t\t\t\t\t\t\t<h3>DESCOBRIR MAIS<\/h3>\r\n\t\t\t\t\t\t\t\t\t\t<h2>\r\n\t\t\t\t\t\tVamos saborear \t\t\t\t\t\t<br>\r\n\t\t\t\t\t\t<span class=\"primary-color\">Compre e Saboreie<\/span>\r\n\t\t\t\t\t<\/h2>\r\n\t\t\t\t<\/div>\r\n\t\t\t\t<div class=\"cl-7\">\r\n\t\t\t\t\t<p class=\"grey-color\">Explore lojas locais que oferecem produtos explusivos para todos os gostos e estilos, delicie-se com sabores aut\u00eanticos em restaurantes encantadores e bares animados.<\/p>\r\n\t\t\t\t<\/div>\r\n\t\t\t<\/div>\r\n\t\t\t<div class=\"row flex align-i-center destination-other-posts-wrapper\">\r\n\t\t\t\t\r\n\t\t\t\t\t\t\t\t\t\t\t\t<div class=\"cl-4\" id=\"pID-6060\">\r\n\t\t\t\t\t\t\t<div class=\"item\">\r\n\t\t\t\t\t\t\t\t<div class=\"post-destinations-listing-image\">\r\n\t\t\t\t\t\t\t\t\t<img decoding=\"async\" src=\"https:\/\/lisboncruiseport.pt\/wp-content\/uploads\/sites\/45\/2026\/01\/Dutyfree-Shop-and-Dine.jpg\" alt=\"\" class=\"w100\" \/>\r\n\t\t\t\t\t\t\t\t\t\t\t\t\t\t\t\t\t<\/div>\r\n\t\t\t\t\t\t\t\t<div class=\"post-destinations-title\">\r\n\t\t\t\t\t\t\t\t\tDuty Free Shop\t\t\t\t\t\t\t\t<\/div>\r\n\t\t\t\t\t\t\t\t<div class=\"post-destinations-learn-more\">\r\n\t\t\t\t\t\t\t\t\t<a href=\"https:\/\/lisboncruiseport.pt\/pt-pt\/shop-dine\/duty-free-shop\/\" class=\"cta primary-color\">\r\n\t\t\t\t\t\t\t\t\t\tSAIBA MAIS\t\t\t\t\t\t\t\t\t\t<svg xmlns=\"http:\/\/www.w3.org\/2000\/svg\" width=\"12.828\" height=\"12.829\" viewBox=\"0 0 12.828 12.829\">\r\n\t\t\t\t\t\t\t\t\t\t\t<g id=\"Icon_feather-arrow-up-right\" data-name=\"Icon feather-arrow-up-right\" transform=\"translate(-9.086 -9.086)\">\r\n\t\t\t\t\t\t\t\t\t\t\t\t<path id=\"Path_3\" data-name=\"Path 3\" d=\"M10.5,20.5l10-10\" fill=\"none\" class=\"primary-stroke\" stroke-linecap=\"round\" stroke-linejoin=\"round\" stroke-width=\"2\"><\/path>\r\n\t\t\t\t\t\t\t\t\t\t\t\t<path id=\"Path_4\" data-name=\"Path 4\" d=\"M10.5,10.5h10v10\" fill=\"none\" class=\"primary-stroke\" stroke-linecap=\"round\" stroke-linejoin=\"round\" stroke-width=\"2\"><\/path>\r\n\t\t\t\t\t\t\t\t\t\t\t<\/g>\r\n\t\t\t\t\t\t\t\t\t\t<\/svg>\r\n\t\t\t\t\t\t\t\t\t<\/a>\r\n\t\t\t\t\t\t\t\t<\/div>\r\n\t\t\t\t\t\t\t<\/div>\r\n\t\t\t\t\t\t<\/div>\r\n\r\n\t\t\t\t\r\n\t\t\t\t\t\t\t\t\t\t\t\t<div class=\"cl-4\" id=\"pID-6056\">\r\n\t\t\t\t\t\t\t<div class=\"item\">\r\n\t\t\t\t\t\t\t\t<div class=\"post-destinations-listing-image\">\r\n\t\t\t\t\t\t\t\t\t<img decoding=\"async\" src=\"https:\/\/lisboncruiseport.pt\/wp-content\/uploads\/sites\/45\/2026\/01\/Pastel-de-nata-unico.png\" alt=\"\" class=\"w100\" \/>\r\n\t\t\t\t\t\t\t\t\t\t\t\t\t\t\t\t\t<\/div>\r\n\t\t\t\t\t\t\t\t<div class=\"post-destinations-title\">\r\n\t\t\t\t\t\t\t\t\tF\u00e1brica da Nata &#8211; Past\u00e9is de Nata\t\t\t\t\t\t\t\t<\/div>\r\n\t\t\t\t\t\t\t\t<div class=\"post-destinations-learn-more\">\r\n\t\t\t\t\t\t\t\t\t<a href=\"https:\/\/lisboncruiseport.pt\/pt-pt\/shop-dine\/fabrica-da-nata-pasteis-de-nata\/\" class=\"cta primary-color\">\r\n\t\t\t\t\t\t\t\t\t\tSAIBA MAIS\t\t\t\t\t\t\t\t\t\t<svg xmlns=\"http:\/\/www.w3.org\/2000\/svg\" width=\"12.828\" height=\"12.829\" viewBox=\"0 0 12.828 12.829\">\r\n\t\t\t\t\t\t\t\t\t\t\t<g id=\"Icon_feather-arrow-up-right\" data-name=\"Icon feather-arrow-up-right\" transform=\"translate(-9.086 -9.086)\">\r\n\t\t\t\t\t\t\t\t\t\t\t\t<path id=\"Path_3\" data-name=\"Path 3\" d=\"M10.5,20.5l10-10\" fill=\"none\" class=\"primary-stroke\" stroke-linecap=\"round\" stroke-linejoin=\"round\" stroke-width=\"2\"><\/path>\r\n\t\t\t\t\t\t\t\t\t\t\t\t<path id=\"Path_4\" data-name=\"Path 4\" d=\"M10.5,10.5h10v10\" fill=\"none\" class=\"primary-stroke\" stroke-linecap=\"round\" stroke-linejoin=\"round\" stroke-width=\"2\"><\/path>\r\n\t\t\t\t\t\t\t\t\t\t\t<\/g>\r\n\t\t\t\t\t\t\t\t\t\t<\/svg>\r\n\t\t\t\t\t\t\t\t\t<\/a>\r\n\t\t\t\t\t\t\t\t<\/div>\r\n\t\t\t\t\t\t\t<\/div>\r\n\t\t\t\t\t\t<\/div>\r\n\r\n\t\t\t\t\r\n\t\t\t\t\t\t\t\t\t\t\t\t<div class=\"cl-4\" id=\"pID-6049\">\r\n\t\t\t\t\t\t\t<div class=\"item\">\r\n\t\t\t\t\t\t\t\t<div class=\"post-destinations-listing-image\">\r\n\t\t\t\t\t\t\t\t\t<img decoding=\"async\" src=\"https:\/\/lisboncruiseport.pt\/wp-content\/uploads\/sites\/45\/2026\/01\/Chapito\u0302-a\u0300-Mesa-Shop-and-Dine.jpg\" alt=\"\" class=\"w100\" \/>\r\n\t\t\t\t\t\t\t\t\t\t\t\t\t\t\t\t\t<\/div>\r\n\t\t\t\t\t\t\t\t<div class=\"post-destinations-title\">\r\n\t\t\t\t\t\t\t\t\tChapit\u00f4 \u00e0 Mesa\t\t\t\t\t\t\t\t<\/div>\r\n\t\t\t\t\t\t\t\t<div class=\"post-destinations-learn-more\">\r\n\t\t\t\t\t\t\t\t\t<a href=\"https:\/\/lisboncruiseport.pt\/pt-pt\/shop-dine\/chapito-a-mesa\/\" class=\"cta primary-color\">\r\n\t\t\t\t\t\t\t\t\t\tSAIBA MAIS\t\t\t\t\t\t\t\t\t\t<svg xmlns=\"http:\/\/www.w3.org\/2000\/svg\" width=\"12.828\" height=\"12.829\" viewBox=\"0 0 12.828 12.829\">\r\n\t\t\t\t\t\t\t\t\t\t\t<g id=\"Icon_feather-arrow-up-right\" data-name=\"Icon feather-arrow-up-right\" transform=\"translate(-9.086 -9.086)\">\r\n\t\t\t\t\t\t\t\t\t\t\t\t<path id=\"Path_3\" data-name=\"Path 3\" d=\"M10.5,20.5l10-10\" fill=\"none\" class=\"primary-stroke\" stroke-linecap=\"round\" stroke-linejoin=\"round\" stroke-width=\"2\"><\/path>\r\n\t\t\t\t\t\t\t\t\t\t\t\t<path id=\"Path_4\" data-name=\"Path 4\" d=\"M10.5,10.5h10v10\" fill=\"none\" class=\"primary-stroke\" stroke-linecap=\"round\" stroke-linejoin=\"round\" stroke-width=\"2\"><\/path>\r\n\t\t\t\t\t\t\t\t\t\t\t<\/g>\r\n\t\t\t\t\t\t\t\t\t\t<\/svg>\r\n\t\t\t\t\t\t\t\t\t<\/a>\r\n\t\t\t\t\t\t\t\t<\/div>\r\n\t\t\t\t\t\t\t<\/div>\r\n\t\t\t\t\t\t<\/div>\r\n\r\n\t\t\t\t\r\n\t\t\t\t\t\t\t\t\t\t\t\t<div class=\"cl-4\" id=\"pID-6041\">\r\n\t\t\t\t\t\t\t<div class=\"item\">\r\n\t\t\t\t\t\t\t\t<div class=\"post-destinations-listing-image\">\r\n\t\t\t\t\t\t\t\t\t<img decoding=\"async\" src=\"https:\/\/lisboncruiseport.pt\/wp-content\/uploads\/sites\/45\/2026\/01\/Zunzum-Gastrobar-Shop-and-Dine.jpg\" alt=\"\" class=\"w100\" \/>\r\n\t\t\t\t\t\t\t\t\t\t\t\t\t\t\t\t\t<\/div>\r\n\t\t\t\t\t\t\t\t<div class=\"post-destinations-title\">\r\n\t\t\t\t\t\t\t\t\tZunzum Gastrobar\t\t\t\t\t\t\t\t<\/div>\r\n\t\t\t\t\t\t\t\t<div class=\"post-destinations-learn-more\">\r\n\t\t\t\t\t\t\t\t\t<a href=\"https:\/\/lisboncruiseport.pt\/pt-pt\/shop-dine\/zunzum-gastrobar\/\" class=\"cta primary-color\">\r\n\t\t\t\t\t\t\t\t\t\tSAIBA MAIS\t\t\t\t\t\t\t\t\t\t<svg xmlns=\"http:\/\/www.w3.org\/2000\/svg\" width=\"12.828\" height=\"12.829\" viewBox=\"0 0 12.828 12.829\">\r\n\t\t\t\t\t\t\t\t\t\t\t<g id=\"Icon_feather-arrow-up-right\" data-name=\"Icon feather-arrow-up-right\" transform=\"translate(-9.086 -9.086)\">\r\n\t\t\t\t\t\t\t\t\t\t\t\t<path id=\"Path_3\" data-name=\"Path 3\" d=\"M10.5,20.5l10-10\" fill=\"none\" class=\"primary-stroke\" stroke-linecap=\"round\" stroke-linejoin=\"round\" stroke-width=\"2\"><\/path>\r\n\t\t\t\t\t\t\t\t\t\t\t\t<path id=\"Path_4\" data-name=\"Path 4\" d=\"M10.5,10.5h10v10\" fill=\"none\" class=\"primary-stroke\" stroke-linecap=\"round\" stroke-linejoin=\"round\" stroke-width=\"2\"><\/path>\r\n\t\t\t\t\t\t\t\t\t\t\t<\/g>\r\n\t\t\t\t\t\t\t\t\t\t<\/svg>\r\n\t\t\t\t\t\t\t\t\t<\/a>\r\n\t\t\t\t\t\t\t\t<\/div>\r\n\t\t\t\t\t\t\t<\/div>\r\n\t\t\t\t\t\t<\/div>\r\n\r\n\t\t\t\t\r\n\t\t\t<\/div>\r\n\t\t<\/div>\r\n\t<\/section>\r\n","protected":false},"excerpt":{"rendered":"","protected":false},"author":1,"featured_media":0,"parent":6788,"menu_order":64,"comment_status":"closed","ping_status":"closed","template":"","meta":{"_acf_changed":false,"footnotes":""},"class_list":["post-5716","page","type-page","status-publish","hentry"],"acf":[],"_links":{"self":[{"href":"https:\/\/lisboncruiseport.pt\/pt-pt\/wp-json\/wp\/v2\/pages\/5716","targetHints":{"allow":["GET"]}}],"collection":[{"href":"https:\/\/lisboncruiseport.pt\/pt-pt\/wp-json\/wp\/v2\/pages"}],"about":[{"href":"https:\/\/lisboncruiseport.pt\/pt-pt\/wp-json\/wp\/v2\/types\/page"}],"author":[{"embeddable":true,"href":"https:\/\/lisboncruiseport.pt\/pt-pt\/wp-json\/wp\/v2\/users\/1"}],"replies":[{"embeddable":true,"href":"https:\/\/lisboncruiseport.pt\/pt-pt\/wp-json\/wp\/v2\/comments?post=5716"}],"version-history":[{"count":3,"href":"https:\/\/lisboncruiseport.pt\/pt-pt\/wp-json\/wp\/v2\/pages\/5716\/revisions"}],"predecessor-version":[{"id":7322,"href":"https:\/\/lisboncruiseport.pt\/pt-pt\/wp-json\/wp\/v2\/pages\/5716\/revisions\/7322"}],"up":[{"embeddable":true,"href":"https:\/\/lisboncruiseport.pt\/pt-pt\/wp-json\/wp\/v2\/pages\/6788"}],"wp:attachment":[{"href":"https:\/\/lisboncruiseport.pt\/pt-pt\/wp-json\/wp\/v2\/media?parent=5716"}],"curies":[{"name":"wp","href":"https:\/\/api.w.org\/{rel}","templated":true}]}}