{"id":5667,"date":"2025-04-07T11:54:02","date_gmt":"2025-04-07T11:54:02","guid":{"rendered":"https:\/\/lisbon.globalcruiseports.com\/hse\/"},"modified":"2026-02-27T10:53:52","modified_gmt":"2026-02-27T10:53:52","slug":"ssa","status":"publish","type":"page","link":"https:\/\/lisboncruiseport.pt\/pt-pt\/ssa\/","title":{"rendered":"SSA"},"content":{"rendered":"\r\n<style>\r\n.page-content-wrapper{\r\n\t\tz-index: 2;\t\r\n\t}\r\n<\/style>\r\n\r\n<section class=\"section page page-sustainability footer-space-pd page-bg-light  desktop-footer-space-pd hse-menu\">\r\n\t<style>\r\n                .page-header-bg {\r\n                    background-image: url(https:\/\/lisboncruiseport.pt\/wp-content\/uploads\/sites\/45\/2025\/04\/HSE.png);\r\n                    background-size: cover;\r\n                    background-position: center;\r\n                }\r\n\t\t\t\t.hero-content{\r\n\t\t\t\t    top: 50%;\r\n    \t\t\t\tposition: absolute;\r\n    \t\t\t\ttransform: translateY(-50%);\r\n\t\t\t\t}\r\n              <\/style><div class=\"page-header-bg pr\">\t<div class=\"container w100\">\r\n\t\t<div class=\"row flex hero-content\">\r\n\t\t\t<div class=\"cl-12 page-header\">\r\n\t\t\t\t<h5 style=\"text-transform:uppercase;\">Sa\u00fade, Seguran\u00e7a e Ambiente<br \/>\r\n<\/h5>\r\n\t\t\t\t<h1>Sa\u00fade, Seguran\u00e7a e Ambiente<br \/>\r\n<\/h1>\r\n\t\t\t<\/div>\r\n\t\t<\/div>\r\n\t<\/div>\r\n\t<\/div>\r\n\t<div class=\"page-content-wrapper pr\">\r\n\t\t<div class=\"container\">\r\n\t\t\t<div class=\"row flex align-i-center justify-c-center\">\r\n\t\t\t\t<div class=\"cl-10\">\r\n\t\t\t\t\t<div class=\"page-bg-white\">\r\n\t\t\t\t\t\t<div class=\"row flex page-sub-menu\">\r\n\t\t\t\t\t\t\t<div class=\"cl-12\">\r\n\t\t\t\t\t\t\t\t<ul class=\"flex align-i-center justify-c-center\">\r\n\t\t\t\t\t\t\t\t\t\t\t\t\t\t\t\t\t\t\t<li id=\"tabButton1\"\r\n\t\t\t\t\t\t\t\t\t\t\tclass=\"tab-button current-menu-item\">\r\n\t\t\t\t\t\t\t\t\t\t\t<span\r\n\t\t\t\t\t\t\t\t\t\t\t\tonclick=\"showTab('tab1', 'tabButton1')\">Sa\u00fade, Seguran\u00e7a e Ambiente<\/span>\r\n\t\t\t\t\t\t\t\t\t\t<\/li>\r\n\t\t\t\t\t\t\t\t\t\t\t\t\t\t\t\t\t<\/ul>\r\n\t\t\t\t\t\t\t<\/div>\r\n\t\t\t\t\t\t<\/div>\r\n\t\t\t\t\t\t<div class=\"row flex\">\r\n\t\t\t\t\t\t\t<div class=\"cl-12\">\r\n\t\t\t\t\t\t\t\t\t\t\t\t\t\t\t\t\t<div id=\"tab1\"\r\n\t\t\t\t\t\t\t\t\t\tclass=\"tab-2-content active-tab\">\r\n\t\t\t\t\t\t\t\t\t\t<p>A miss\u00e3o da Lisbon Cruise Port \u00e9 a gest\u00e3o operacional, conserva\u00e7\u00e3o e desenvolvimento do Porto de Cruzeiros de Lisboa. Esta atividade assume uma import\u00e2ncia particular na regi\u00e3o de Lisboa, ao posicionar o terminal como a principal porta de entrada do turismo na cidade, com impacto econ\u00f3mico significativo e proje\u00e7\u00e3o\u00a0internacional.<\/p>\n<p>A responsabilidade da LCP ganha ainda mais relev\u00e2ncia no cumprimento desta miss\u00e3o, especialmente na fase inicial, em que ter\u00e1 a cargo todas as opera\u00e7\u00f5es de embarque, desembarque e tr\u00e2nsito realizadas no munic\u00edpio de Lisboa. Esta atividade exclusiva refor\u00e7a o papel estrat\u00e9gico do Terminal como ponto central de entrada de passageiros\u00a0na\u00a0cidade<\/p>\n\t\t\t\t\t\t\t\t\t\t\t\t\t\t\t\t\t\t\t\t\t<div class=\"tab-documents\">\r\n\t\t\t\t\t\t\t\t\t\t\t\t\t\t\t\t\t\t\t\t\t\t\t\t\t\t\t\t\t\t\t\t\t\t\t\t\t\t\t<div class=\"tab-document-item flex\">\r\n\t\t\t\t\t\t\t\t\t\t\t\t\t\t\t<div class=\"doc-icon\">\r\n\t\t\t\t\t\t\t\t\t\t\t\t\t\t\t\t<img decoding=\"async\" src=\"https:\/\/lisboncruiseport.pt\/wp-content\/uploads\/sites\/45\/2025\/12\/Icon-ionic-ios-document-1.svg\" alt=\"Document\" \/>\r\n\t\t\t\t\t\t\t\t\t\t\t\t\t\t\t<\/div>\r\n\t\t\t\t\t\t\t\t\t\t\t\t\t\t\t<div class=\"doc-title\">\r\n\t\t\t\t\t\t\t\t\t\t\t\t\t\t\t\tPolitica Ambiental\t\t\t\t\t\t\t\t\t\t\t\t\t\t\t<\/div>\r\n\t\t\t\t\t\t\t\t\t\t\t\t\t\t\t<div class=\"doc-get\">\r\n\t\t\t\t\t\t\t\t\t\t\t\t\t\t\t\t<a href=\"https:\/\/lisboncruiseport.pt\/wp-content\/uploads\/sites\/45\/2025\/12\/Politica_Ambiental.pdf\" target=\"_blank\"\r\n\t\t\t\t\t\t\t\t\t\t\t\t\t\t\t\t\tclass=\"primary-color\">\r\n\t\t\t\t\t\t\t\t\t\t\t\t\t\t\t\t\tDESCARREGAR\t\t\t\t\t\t\t\t\t\t\t\t\t\t\t\t\t<svg xmlns=\"http:\/\/www.w3.org\/2000\/svg\" width=\"18.142\"\r\n\t\t\t\t\t\t\t\t\t\t\t\t\t\t\t\t\t\theight=\"18.142\" viewBox=\"0 0 18.142 18.142\"\r\n\t\t\t\t\t\t\t\t\t\t\t\t\t\t\t\t\t\tclass=\"primary-stroke\">\r\n\t\t\t\t\t\t\t\t\t\t\t\t\t\t\t\t\t\t<g id=\"Icon_feather-arrow-up-right\"\r\n\t\t\t\t\t\t\t\t\t\t\t\t\t\t\t\t\t\t\tdata-name=\"Icon feather-arrow-up-right\"\r\n\t\t\t\t\t\t\t\t\t\t\t\t\t\t\t\t\t\t\ttransform=\"translate(30.991 9.071) rotate(135)\">\r\n\t\t\t\t\t\t\t\t\t\t\t\t\t\t\t\t\t\t\t<path id=\"Path_3\" data-name=\"Path 3\" d=\"M10.5,20.5l10-10\"\r\n\t\t\t\t\t\t\t\t\t\t\t\t\t\t\t\t\t\t\t\tfill=\"none\" stroke-linecap=\"round\"\r\n\t\t\t\t\t\t\t\t\t\t\t\t\t\t\t\t\t\t\t\tstroke-linejoin=\"round\" stroke-width=\"2\" \/>\r\n\t\t\t\t\t\t\t\t\t\t\t\t\t\t\t\t\t\t\t<path id=\"Path_4\" data-name=\"Path 4\" d=\"M10.5,10.5h10v10\"\r\n\t\t\t\t\t\t\t\t\t\t\t\t\t\t\t\t\t\t\t\tfill=\"none\" stroke-linecap=\"round\"\r\n\t\t\t\t\t\t\t\t\t\t\t\t\t\t\t\t\t\t\t\tstroke-linejoin=\"round\" stroke-width=\"2\" \/>\r\n\t\t\t\t\t\t\t\t\t\t\t\t\t\t\t\t\t\t<\/g>\r\n\t\t\t\t\t\t\t\t\t\t\t\t\t\t\t\t\t<\/svg>\r\n\t\t\t\t\t\t\t\t\t\t\t\t\t\t\t\t<\/a>\r\n\t\t\t\t\t\t\t\t\t\t\t\t\t\t\t<\/div>\r\n\t\t\t\t\t\t\t\t\t\t\t\t\t\t<\/div>\r\n\t\t\t\t\t\t\t\t\t\t\t\t\t\t\t\t\t\t\t\t\t\t\t\t\t\t\t\t\t\t\t\t\t\t\t\t<\/div>\r\n\t\t\t\t\t\t\t\t\t\t\r\n\t\t\t\t\t\t\t\t\t<\/div>\r\n\t\t\t\t\t\t\t\t\t\t\t\t\t\t\t<\/div>\r\n\t\t\t\t\t\t<\/div>\r\n\t\t\t\t\t<\/div>\r\n\t\t\t\t<\/div>\r\n\t\t\t<\/div>\r\n\t\t<\/div>\r\n\t<\/div>\r\n<\/section>","protected":false},"excerpt":{"rendered":"","protected":false},"author":6,"featured_media":0,"parent":0,"menu_order":34,"comment_status":"closed","ping_status":"closed","template":"","meta":{"_acf_changed":false,"footnotes":""},"class_list":["post-5667","page","type-page","status-publish","hentry"],"acf":[],"_links":{"self":[{"href":"https:\/\/lisboncruiseport.pt\/pt-pt\/wp-json\/wp\/v2\/pages\/5667","targetHints":{"allow":["GET"]}}],"collection":[{"href":"https:\/\/lisboncruiseport.pt\/pt-pt\/wp-json\/wp\/v2\/pages"}],"about":[{"href":"https:\/\/lisboncruiseport.pt\/pt-pt\/wp-json\/wp\/v2\/types\/page"}],"author":[{"embeddable":true,"href":"https:\/\/lisboncruiseport.pt\/pt-pt\/wp-json\/wp\/v2\/users\/6"}],"replies":[{"embeddable":true,"href":"https:\/\/lisboncruiseport.pt\/pt-pt\/wp-json\/wp\/v2\/comments?post=5667"}],"version-history":[{"count":3,"href":"https:\/\/lisboncruiseport.pt\/pt-pt\/wp-json\/wp\/v2\/pages\/5667\/revisions"}],"predecessor-version":[{"id":7333,"href":"https:\/\/lisboncruiseport.pt\/pt-pt\/wp-json\/wp\/v2\/pages\/5667\/revisions\/7333"}],"wp:attachment":[{"href":"https:\/\/lisboncruiseport.pt\/pt-pt\/wp-json\/wp\/v2\/media?parent=5667"}],"curies":[{"name":"wp","href":"https:\/\/api.w.org\/{rel}","templated":true}]}}