{"id":4204,"date":"2025-06-13T11:34:55","date_gmt":"2025-06-13T11:34:55","guid":{"rendered":"https:\/\/globalcruiseports.com\/lisbon\/?page_id=4204"},"modified":"2025-06-13T11:35:52","modified_gmt":"2025-06-13T11:35:52","slug":"ferry-services-2","status":"publish","type":"page","link":"https:\/\/lisboncruiseport.pt\/pt-pt\/services-home\/ferry-services-2\/","title":{"rendered":"Ferry Services"},"content":{"rendered":"\r\n<style>\r\n\t.page-content-wrapper {\r\n\t\tz-index: 2;\r\n\t}\r\n<\/style>\r\n\r\n<section class=\"section page page-bg-light \">\r\n\t<style>\r\n                .page-header-bg {\r\n                    background-image: url(https:\/\/lisboncruiseport.pt\/wp-content\/uploads\/sites\/45\/2025\/06\/ferry-header.png);\r\n                    background-size: cover;\r\n                    background-position: center;\r\n                }\r\n\t\t\t\t.hero-content{\r\n\t\t\t\t    top: 50%;\r\n    \t\t\t\tposition: absolute;\r\n    \t\t\t\ttransform: translateY(-50%);\r\n\t\t\t\t}\r\n              <\/style><div class=\"page-header-bg pr\">\t<div class=\"container w100\">\r\n\t\t<div class=\"row flex hero-content\">\r\n\t\t\t<div class=\"row flex\">\r\n\t\t\t\t<div class=\"cl-12 page-header\">\r\n\t\t\t\t\t<h5 class=\"uppercase\"><a href=\"https:\/\/lisboncruiseport.pt\/pt-pt\/\/port\/\" class=\"color-white\">\tPORTO DE CRUZEIROS<\/a> > Ferry Services<\/h5>\r\n\t\t\t\t\t<h1>Port Services<\/h1>\r\n\t\t\t\t<\/div>\r\n\t\t\t<\/div>\r\n\t\t<\/div>\r\n\t<\/div>\r\n\t<\/div>\r\n\t<div class=\"page-content-wrapper pr\">\r\n\t\t<div class=\"container\">\r\n\t\t\t<div class=\"row flex align-i-center justify-c-center\">\r\n\t\t\t\t<div class=\"cl-10\">\r\n\t\t\t\t\t<div class=\"page-bg-white\">\r\n\t\t\t\t\t\t\t\t\t\t\t<div class=\"row flex\">\r\n\t\t\t\t\t\t\t<div class=\"cl-12\">\r\n\t\t\t\t\t\t\t\t<div id=\"tab0\" class=\"tab-2-content active-tab\">\r\n\t\t\t\t\t\t\t\t\t<div class=\"accordion accordion-ii\">\r\n\t\t\t\t\t\t\t\t\t\tNo services found.\t\t\t\t\t\t\t\t\t<\/div>\r\n\t\t\t\t\t\t\t\t<\/div>\r\n\t\t\t\t\t\t\t\t\t\t\t\t\t\t\t\t\t\t\t\t\t\t\t<\/div>\r\n\t\t\t\t\t\t<\/div>\r\n\t\t\t\t\t<\/div>\r\n\t\t\t\t<\/div>\r\n\t\t\t<\/div>\r\n\t\t<\/div>\r\n\t<\/div>\r\n<\/section>\n\n\r\n<section class=\"section section-accordion page-bg-light\">\r\n\t<div class=\"container\">\r\n\t\t<div class=\"row flex section-header\">\r\n\t\t\t<div class=\"cl-4\">\r\n\t\t\t\t<h2>\r\n\t\t\t\t\tA Seamless Experience \t\t\t\t\t<br>\r\n\t\t\t\t\t<span class=\"primary-color\">Our Services<\/span>\r\n\t\t\t\t<\/h2>\r\n\t\t\t<\/div>\r\n\t\t\t<div class=\"cl-7 offset-1\">\r\n\t\t\t\t<p class=\"grey-color\">We&#8217;ve compiled everything you need to know in one convenient place. Whether you are a cruise passenger or a business traveler, our aim is to ensure that you have a hassle-free experience while exploring our vibrant destination. Let us guide you through the essential details, allowing you to focus on creating unforgettable memories during your stay at our port.<\/p>\r\n\t\t\t<\/div>\r\n\t\t<\/div>\r\n\t\t<div class=\"row flex accordion-mobile-vertical section-accoridon-content accordion\">\r\n\t\t\t<div class=\"cl-4 accordion-left\">\r\n\t\t\t\t\t\t\t\t\t<div class=\"accordion-header active\">\r\n\t\t\t\t\t\t\t\t\t\t\t\t<img decoding=\"async\" src=\"https:\/\/lisboncruiseport.pt\/wp-content\/uploads\/sites\/45\/2026\/02\/icon-service-1.svg\" alt=\"\" \/>\r\n\r\n\t\t\t\t\t\tServi\u00e7o ao Cliente\t\t\t\t\t\t<div class=\"hide-mobile accordion-right\">\r\n\r\n\r\n\t\t\t\t\t\t\t<div class=\"accordion-content mobile-accordion-content active\">\r\n\t\t\t\t\t\t\t\t<div class=\"flex flex-wrap\">\r\n\t\t\t\t\t\t\t\t\t\t\t\t\t\t\t\t\t\t\t\t<div class=\"list-item\">\r\n\t\t\t\t\t\t\t\t\t\t\t\tServi\u00e7o de Cadeira de Rodas\t\t\t\t\t\t\t\t\t\t\t<\/div>\r\n\t\t\t\t\t\t\t\t\t\t\t\t\t\t\t\t\t\t\t\t<div class=\"list-item\">\r\n\t\t\t\t\t\t\t\t\t\t\t\tWi-fi\t\t\t\t\t\t\t\t\t\t\t<\/div>\r\n\t\t\t\t\t\t\t\t\t\t\t\t\t\t\t\t\t\t\t\t<div class=\"list-item\">\r\n\t\t\t\t\t\t\t\t\t\t\t\tLojas e Duty-Free\t\t\t\t\t\t\t\t\t\t\t<\/div>\r\n\t\t\t\t\t\t\t\t\t\t\t\t\t\t\t\t\t\t\t\t<div class=\"list-item\">\r\n\t\t\t\t\t\t\t\t\t\t\t\tPra\u00e7a de T\u00e1xis \/ Ponto de Uber\t\t\t\t\t\t\t\t\t\t\t<\/div>\r\n\t\t\t\t\t\t\t\t\t\t\t\t\t\t\t\t\t\t\t\t<div class=\"list-item\">\r\n\t\t\t\t\t\t\t\t\t\t\t\tReembolso de IVA\t\t\t\t\t\t\t\t\t\t\t<\/div>\r\n\t\t\t\t\t\t\t\t\t\t\t\t\t\t\t\t\t\t\t\t<div class=\"list-item\">\r\n\t\t\t\t\t\t\t\t\t\t\t\tBalc\u00e3o de Informa\u00e7\u00f5es\t\t\t\t\t\t\t\t\t\t\t<\/div>\r\n\t\t\t\t\t\t\t\t\t\t\t\t\t\t\t\t\t\t\t\t<div class=\"list-item\">\r\n\t\t\t\t\t\t\t\t\t\t\t\tDEA\t\t\t\t\t\t\t\t\t\t\t<\/div>\r\n\t\t\t\t\t\t\t\t\t\t\t\t\t\t\t\t\t\t\t\t<div class=\"list-item\">\r\n\t\t\t\t\t\t\t\t\t\t\t\tBalc\u00e3o de C\u00e2mbio\t\t\t\t\t\t\t\t\t\t\t<\/div>\r\n\t\t\t\t\t\t\t\t\t\t\t\t\t\t\t\t\t\t\t\t<div class=\"list-item\">\r\n\t\t\t\t\t\t\t\t\t\t\t\tParafarm\u00e1cia\t\t\t\t\t\t\t\t\t\t\t<\/div>\r\n\t\t\t\t\t\t\t\t\t\t\t\t\t\t\t\t\t<\/div>\r\n\r\n\r\n\t\t\t\t\t\t\t\t<div class=\"row flex justify-c-end accordion-services-all\">\r\n\t\t\t\t\t\t\t\t\t<a href=\"https:\/\/lisboncruiseport.pt\/pt-pt\/\/services-home\/servico-ao-cliente\" class=\"cta primary-color\">\r\n\t\t\t\t\t\t\t\t\t\tALL Servi\u00e7o ao Cliente\r\n\t\t\t\t\t\t\t\t\t\t<svg xmlns=\"http:\/\/www.w3.org\/2000\/svg\" width=\"12.828\" height=\"12.829\" viewBox=\"0 0 12.828 12.829\">\r\n\t\t\t\t\t\t\t\t\t\t\t<g id=\"Icon_feather-arrow-up-right\" data-name=\"Icon feather-arrow-up-right\" transform=\"translate(-9.086 -9.086)\">\r\n\t\t\t\t\t\t\t\t\t\t\t\t<path id=\"Path_3\" data-name=\"Path 3\" d=\"M10.5,20.5l10-10\" fill=\"none\" class=\"primary-stroke\" stroke-linecap=\"round\" stroke-linejoin=\"round\" stroke-width=\"2\"><\/path>\r\n\t\t\t\t\t\t\t\t\t\t\t\t<path id=\"Path_4\" data-name=\"Path 4\" d=\"M10.5,10.5h10v10\" fill=\"none\" class=\"primary-stroke\" stroke-linecap=\"round\" stroke-linejoin=\"round\" stroke-width=\"2\"><\/path>\r\n\t\t\t\t\t\t\t\t\t\t\t<\/g>\r\n\t\t\t\t\t\t\t\t\t\t<\/svg>\r\n\t\t\t\t\t\t\t\t\t<\/a>\r\n\t\t\t\t\t\t\t\t<\/div>\r\n\r\n\t\t\t\t\t\t\t<\/div>\r\n\r\n\r\n\r\n\t\t\t\t\t\t<\/div>\r\n\t\t\t\t\t<\/div>\r\n\t\t\t\t\t\t\t\t\t<div class=\"accordion-header \">\r\n\t\t\t\t\t\t\t\t\t\t\t\t<img decoding=\"async\" src=\"https:\/\/lisboncruiseport.pt\/wp-content\/uploads\/sites\/45\/2026\/02\/icon-service-2.svg\" alt=\"\" \/>\r\n\r\n\t\t\t\t\t\tServi\u00e7os de Tripula\u00e7\u00e3o\t\t\t\t\t\t<div class=\"hide-mobile accordion-right\">\r\n\r\n\r\n\t\t\t\t\t\t\t<div class=\"accordion-content mobile-accordion-content \">\r\n\t\t\t\t\t\t\t\t<div class=\"flex flex-wrap\">\r\n\t\t\t\t\t\t\t\t\t\t\t\t\t\t\t\t\t\t\t\t<div class=\"list-item\">\r\n\t\t\t\t\t\t\t\t\t\t\t\tWi-fi\t\t\t\t\t\t\t\t\t\t\t<\/div>\r\n\t\t\t\t\t\t\t\t\t\t\t\t\t\t\t\t\t\t\t\t<div class=\"list-item\">\r\n\t\t\t\t\t\t\t\t\t\t\t\tPra\u00e7a de T\u00e1xis \/ Ponto de Uber\t\t\t\t\t\t\t\t\t\t\t<\/div>\r\n\t\t\t\t\t\t\t\t\t\t\t\t\t\t\t\t\t\t\t\t<div class=\"list-item\">\r\n\t\t\t\t\t\t\t\t\t\t\t\tReembolso de IVA\t\t\t\t\t\t\t\t\t\t\t<\/div>\r\n\t\t\t\t\t\t\t\t\t\t\t\t\t\t\t\t\t\t\t\t<div class=\"list-item\">\r\n\t\t\t\t\t\t\t\t\t\t\t\tSa\u00fade e Bem-Estar\t\t\t\t\t\t\t\t\t\t\t<\/div>\r\n\t\t\t\t\t\t\t\t\t\t\t\t\t\t\t\t\t\t\t\t<div class=\"list-item\">\r\n\t\t\t\t\t\t\t\t\t\t\t\tLojas e Duty-Free\t\t\t\t\t\t\t\t\t\t\t<\/div>\r\n\t\t\t\t\t\t\t\t\t\t\t\t\t\t\t\t\t\t\t\t<div class=\"list-item\">\r\n\t\t\t\t\t\t\t\t\t\t\t\tBalc\u00e3o de C\u00e2mbio\t\t\t\t\t\t\t\t\t\t\t<\/div>\r\n\t\t\t\t\t\t\t\t\t\t\t\t\t\t\t\t\t\t\t\t<div class=\"list-item\">\r\n\t\t\t\t\t\t\t\t\t\t\t\tCaf\u00e9s &#038; Restaurantes\t\t\t\t\t\t\t\t\t\t\t<\/div>\r\n\t\t\t\t\t\t\t\t\t\t\t\t\t\t\t\t\t\t\t\t<div class=\"list-item\">\r\n\t\t\t\t\t\t\t\t\t\t\t\tCheck-in A\u00e9reo\t\t\t\t\t\t\t\t\t\t\t<\/div>\r\n\t\t\t\t\t\t\t\t\t\t\t\t\t\t\t\t\t\t\t\t<div class=\"list-item\">\r\n\t\t\t\t\t\t\t\t\t\t\t\tArmazenamento de Bagagem\t\t\t\t\t\t\t\t\t\t\t<\/div>\r\n\t\t\t\t\t\t\t\t\t\t\t\t\t\t\t\t\t<\/div>\r\n\r\n\r\n\t\t\t\t\t\t\t\t<div class=\"row flex justify-c-end accordion-services-all\">\r\n\t\t\t\t\t\t\t\t\t<a href=\"https:\/\/lisboncruiseport.pt\/pt-pt\/\/services-home\/servicos-de-tripulacao\" class=\"cta primary-color\">\r\n\t\t\t\t\t\t\t\t\t\tALL Servi\u00e7os de Tripula\u00e7\u00e3o\r\n\t\t\t\t\t\t\t\t\t\t<svg xmlns=\"http:\/\/www.w3.org\/2000\/svg\" width=\"12.828\" height=\"12.829\" viewBox=\"0 0 12.828 12.829\">\r\n\t\t\t\t\t\t\t\t\t\t\t<g id=\"Icon_feather-arrow-up-right\" data-name=\"Icon feather-arrow-up-right\" transform=\"translate(-9.086 -9.086)\">\r\n\t\t\t\t\t\t\t\t\t\t\t\t<path id=\"Path_3\" data-name=\"Path 3\" d=\"M10.5,20.5l10-10\" fill=\"none\" class=\"primary-stroke\" stroke-linecap=\"round\" stroke-linejoin=\"round\" stroke-width=\"2\"><\/path>\r\n\t\t\t\t\t\t\t\t\t\t\t\t<path id=\"Path_4\" data-name=\"Path 4\" d=\"M10.5,10.5h10v10\" fill=\"none\" class=\"primary-stroke\" stroke-linecap=\"round\" stroke-linejoin=\"round\" stroke-width=\"2\"><\/path>\r\n\t\t\t\t\t\t\t\t\t\t\t<\/g>\r\n\t\t\t\t\t\t\t\t\t\t<\/svg>\r\n\t\t\t\t\t\t\t\t\t<\/a>\r\n\t\t\t\t\t\t\t\t<\/div>\r\n\r\n\t\t\t\t\t\t\t<\/div>\r\n\r\n\r\n\r\n\t\t\t\t\t\t<\/div>\r\n\t\t\t\t\t<\/div>\r\n\t\t\t\t\t\t\t\t\t<div class=\"accordion-header \">\r\n\t\t\t\t\t\t\t\t\t\t\t\t<img decoding=\"async\" src=\"https:\/\/lisboncruiseport.pt\/wp-content\/uploads\/sites\/45\/2026\/02\/icon-service-3.svg\" alt=\"\" \/>\r\n\r\n\t\t\t\t\t\tServi\u00e7os Portu\u00e1rios\t\t\t\t\t\t<div class=\"hide-mobile accordion-right\">\r\n\r\n\r\n\t\t\t\t\t\t\t<div class=\"accordion-content mobile-accordion-content \">\r\n\t\t\t\t\t\t\t\t<div class=\"flex flex-wrap\">\r\n\t\t\t\t\t\t\t\t\t\t\t\t\t\t\t\t\t\t\t\t<div class=\"list-item\">\r\n\t\t\t\t\t\t\t\t\t\t\t\tTratamento de Res\u00edduos\t\t\t\t\t\t\t\t\t\t\t<\/div>\r\n\t\t\t\t\t\t\t\t\t\t\t\t\t\t\t\t\t\t\t\t<div class=\"list-item\">\r\n\t\t\t\t\t\t\t\t\t\t\t\tRebocadores\t\t\t\t\t\t\t\t\t\t\t<\/div>\r\n\t\t\t\t\t\t\t\t\t\t\t\t\t\t\t\t\t\t\t\t<div class=\"list-item\">\r\n\t\t\t\t\t\t\t\t\t\t\t\tTendas\t\t\t\t\t\t\t\t\t\t\t<\/div>\r\n\t\t\t\t\t\t\t\t\t\t\t\t\t\t\t\t\t\t\t\t<div class=\"list-item\">\r\n\t\t\t\t\t\t\t\t\t\t\t\tEquipamento T\u00e9cnico \/ Servi\u00e7os de Cais\t\t\t\t\t\t\t\t\t\t\t<\/div>\r\n\t\t\t\t\t\t\t\t\t\t\t\t\t\t\t\t\t\t\t\t<div class=\"list-item\">\r\n\t\t\t\t\t\t\t\t\t\t\t\tProvis\u00e3o de Mantimentos\t\t\t\t\t\t\t\t\t\t\t<\/div>\r\n\t\t\t\t\t\t\t\t\t\t\t\t\t\t\t\t\t\t\t\t<div class=\"list-item\">\r\n\t\t\t\t\t\t\t\t\t\t\t\tAg\u00eancia de Navega\u00e7\u00e3o\t\t\t\t\t\t\t\t\t\t\t<\/div>\r\n\t\t\t\t\t\t\t\t\t\t\t\t\t\t\t\t\t\t\t\t<div class=\"list-item\">\r\n\t\t\t\t\t\t\t\t\t\t\t\tPreven\u00e7\u00e3o da Polui\u00e7\u00e3o\t\t\t\t\t\t\t\t\t\t\t<\/div>\r\n\t\t\t\t\t\t\t\t\t\t\t\t\t\t\t\t\t\t\t\t<div class=\"list-item\">\r\n\t\t\t\t\t\t\t\t\t\t\t\tPilotagem\t\t\t\t\t\t\t\t\t\t\t<\/div>\r\n\t\t\t\t\t\t\t\t\t\t\t\t\t\t\t\t\t\t\t\t<div class=\"list-item\">\r\n\t\t\t\t\t\t\t\t\t\t\t\tControlo de Passageiros\t\t\t\t\t\t\t\t\t\t\t<\/div>\r\n\t\t\t\t\t\t\t\t\t\t\t\t\t\t\t\t\t<\/div>\r\n\r\n\r\n\t\t\t\t\t\t\t\t<div class=\"row flex justify-c-end accordion-services-all\">\r\n\t\t\t\t\t\t\t\t\t<a href=\"https:\/\/lisboncruiseport.pt\/pt-pt\/\/services-home\/servicos-portuarios\" class=\"cta primary-color\">\r\n\t\t\t\t\t\t\t\t\t\tALL Servi\u00e7os Portu\u00e1rios\r\n\t\t\t\t\t\t\t\t\t\t<svg xmlns=\"http:\/\/www.w3.org\/2000\/svg\" width=\"12.828\" height=\"12.829\" viewBox=\"0 0 12.828 12.829\">\r\n\t\t\t\t\t\t\t\t\t\t\t<g id=\"Icon_feather-arrow-up-right\" data-name=\"Icon feather-arrow-up-right\" transform=\"translate(-9.086 -9.086)\">\r\n\t\t\t\t\t\t\t\t\t\t\t\t<path id=\"Path_3\" data-name=\"Path 3\" d=\"M10.5,20.5l10-10\" fill=\"none\" class=\"primary-stroke\" stroke-linecap=\"round\" stroke-linejoin=\"round\" stroke-width=\"2\"><\/path>\r\n\t\t\t\t\t\t\t\t\t\t\t\t<path id=\"Path_4\" data-name=\"Path 4\" d=\"M10.5,10.5h10v10\" fill=\"none\" class=\"primary-stroke\" stroke-linecap=\"round\" stroke-linejoin=\"round\" stroke-width=\"2\"><\/path>\r\n\t\t\t\t\t\t\t\t\t\t\t<\/g>\r\n\t\t\t\t\t\t\t\t\t\t<\/svg>\r\n\t\t\t\t\t\t\t\t\t<\/a>\r\n\t\t\t\t\t\t\t\t<\/div>\r\n\r\n\t\t\t\t\t\t\t<\/div>\r\n\r\n\r\n\r\n\t\t\t\t\t\t<\/div>\r\n\t\t\t\t\t<\/div>\r\n\t\t\t\t\t\t\t<\/div>\r\n\t\t\t<div class=\"cl-7 offset-1 accordion-right hide-desktop\">\r\n\t\t\t\t\t\t\t\t\t<div class=\"accordion-content desktop-accordion-content h100 active\">\r\n\r\n\t\t\t\t\t\t<div class=\"h100\">\r\n\t\t\t\t\t\t\t<div class=\"row flex flex-wrap\">\r\n\t\t\t\t\t\t\t\t\t\t\t\t\t\t\t\t\t\t<div class=\"cl-4\">\r\n\t\t\t\t\t\t\t\t\t\t\t<div class=\"list-item\">\r\n\t\t\t\t\t\t\t\t\t\t\t\tBalc\u00e3o de C\u00e2mbio\t\t\t\t\t\t\t\t\t\t\t<\/div>\r\n\t\t\t\t\t\t\t\t\t\t<\/div>\r\n\t\t\t\t\t\t\t\t\t\t\t\t\t\t\t\t\t\t<div class=\"cl-4\">\r\n\t\t\t\t\t\t\t\t\t\t\t<div class=\"list-item\">\r\n\t\t\t\t\t\t\t\t\t\t\t\tBalc\u00e3o de Informa\u00e7\u00f5es\t\t\t\t\t\t\t\t\t\t\t<\/div>\r\n\t\t\t\t\t\t\t\t\t\t<\/div>\r\n\t\t\t\t\t\t\t\t\t\t\t\t\t\t\t\t\t\t<div class=\"cl-4\">\r\n\t\t\t\t\t\t\t\t\t\t\t<div class=\"list-item\">\r\n\t\t\t\t\t\t\t\t\t\t\t\tCaf\u00e9s e Restaurantes\t\t\t\t\t\t\t\t\t\t\t<\/div>\r\n\t\t\t\t\t\t\t\t\t\t<\/div>\r\n\t\t\t\t\t\t\t\t\t\t\t\t\t\t\t\t\t\t<div class=\"cl-4\">\r\n\t\t\t\t\t\t\t\t\t\t\t<div class=\"list-item\">\r\n\t\t\t\t\t\t\t\t\t\t\t\tDEA\t\t\t\t\t\t\t\t\t\t\t<\/div>\r\n\t\t\t\t\t\t\t\t\t\t<\/div>\r\n\t\t\t\t\t\t\t\t\t\t\t\t\t\t\t\t\t\t<div class=\"cl-4\">\r\n\t\t\t\t\t\t\t\t\t\t\t<div class=\"list-item\">\r\n\t\t\t\t\t\t\t\t\t\t\t\tEstacionamento\t\t\t\t\t\t\t\t\t\t\t<\/div>\r\n\t\t\t\t\t\t\t\t\t\t<\/div>\r\n\t\t\t\t\t\t\t\t\t\t\t\t\t\t\t\t\t\t<div class=\"cl-4\">\r\n\t\t\t\t\t\t\t\t\t\t\t<div class=\"list-item\">\r\n\t\t\t\t\t\t\t\t\t\t\t\tLojas e Duty-Free\t\t\t\t\t\t\t\t\t\t\t<\/div>\r\n\t\t\t\t\t\t\t\t\t\t<\/div>\r\n\t\t\t\t\t\t\t\t\t\t\t\t\t\t\t\t\t\t<div class=\"cl-4\">\r\n\t\t\t\t\t\t\t\t\t\t\t<div class=\"list-item\">\r\n\t\t\t\t\t\t\t\t\t\t\t\tLuggage Storage\t\t\t\t\t\t\t\t\t\t\t<\/div>\r\n\t\t\t\t\t\t\t\t\t\t<\/div>\r\n\t\t\t\t\t\t\t\t\t\t\t\t\t\t\t\t\t\t<div class=\"cl-4\">\r\n\t\t\t\t\t\t\t\t\t\t\t<div class=\"list-item\">\r\n\t\t\t\t\t\t\t\t\t\t\t\tParafarm\u00e1cia\t\t\t\t\t\t\t\t\t\t\t<\/div>\r\n\t\t\t\t\t\t\t\t\t\t<\/div>\r\n\t\t\t\t\t\t\t\t\t\t\t\t\t\t\t\t\t\t<div class=\"cl-4\">\r\n\t\t\t\t\t\t\t\t\t\t\t<div class=\"list-item\">\r\n\t\t\t\t\t\t\t\t\t\t\t\tPra\u00e7a de T\u00e1xis \/ Ponto de Uber\t\t\t\t\t\t\t\t\t\t\t<\/div>\r\n\t\t\t\t\t\t\t\t\t\t<\/div>\r\n\t\t\t\t\t\t\t\t\t\t\t\t\t\t\t<\/div>\r\n\t\t\t\t\t\t<\/div>\r\n\r\n\t\t\t\t\t\t<div class=\"row flex justify-c-end accordion-services-all\">\r\n\t\t\t\t\t\t\t<a href=\"https:\/\/lisboncruiseport.pt\/pt-pt\/services-home\/servico-ao-cliente\" class=\"cta primary-color\">\r\n\t\t\t\t\t\t\t\tTODOS OS Servi\u00e7o ao Cliente\r\n\t\t\t\t\t\t\t\t<svg xmlns=\"http:\/\/www.w3.org\/2000\/svg\" width=\"12.828\" height=\"12.829\" viewBox=\"0 0 12.828 12.829\">\r\n\t\t\t\t\t\t\t\t\t<g id=\"Icon_feather-arrow-up-right\" data-name=\"Icon feather-arrow-up-right\" transform=\"translate(-9.086 -9.086)\">\r\n\t\t\t\t\t\t\t\t\t\t<path id=\"Path_3\" data-name=\"Path 3\" d=\"M10.5,20.5l10-10\" fill=\"none\" class=\"primary-stroke\" stroke-linecap=\"round\" stroke-linejoin=\"round\" stroke-width=\"2\"><\/path>\r\n\t\t\t\t\t\t\t\t\t\t<path id=\"Path_4\" data-name=\"Path 4\" d=\"M10.5,10.5h10v10\" fill=\"none\" class=\"primary-stroke\" stroke-linecap=\"round\" stroke-linejoin=\"round\" stroke-width=\"2\"><\/path>\r\n\t\t\t\t\t\t\t\t\t<\/g>\r\n\t\t\t\t\t\t\t\t<\/svg>\r\n\t\t\t\t\t\t\t<\/a>\r\n\t\t\t\t\t\t<\/div>\r\n\r\n\t\t\t\t\t<\/div>\r\n\t\t\t\t\t\t\t\t\t<div class=\"accordion-content desktop-accordion-content h100 \">\r\n\r\n\t\t\t\t\t\t<div class=\"h100\">\r\n\t\t\t\t\t\t\t<div class=\"row flex flex-wrap\">\r\n\t\t\t\t\t\t\t\t\t\t\t\t\t\t\t\t\t\t<div class=\"cl-4\">\r\n\t\t\t\t\t\t\t\t\t\t\t<div class=\"list-item\">\r\n\t\t\t\t\t\t\t\t\t\t\t\tArmazenamento de Bagagem\t\t\t\t\t\t\t\t\t\t\t<\/div>\r\n\t\t\t\t\t\t\t\t\t\t<\/div>\r\n\t\t\t\t\t\t\t\t\t\t\t\t\t\t\t\t\t\t<div class=\"cl-4\">\r\n\t\t\t\t\t\t\t\t\t\t\t<div class=\"list-item\">\r\n\t\t\t\t\t\t\t\t\t\t\t\tBalc\u00e3o de C\u00e2mbio\t\t\t\t\t\t\t\t\t\t\t<\/div>\r\n\t\t\t\t\t\t\t\t\t\t<\/div>\r\n\t\t\t\t\t\t\t\t\t\t\t\t\t\t\t\t\t\t<div class=\"cl-4\">\r\n\t\t\t\t\t\t\t\t\t\t\t<div class=\"list-item\">\r\n\t\t\t\t\t\t\t\t\t\t\t\tCaf\u00e9s &#038; Restaurantes\t\t\t\t\t\t\t\t\t\t\t<\/div>\r\n\t\t\t\t\t\t\t\t\t\t<\/div>\r\n\t\t\t\t\t\t\t\t\t\t\t\t\t\t\t\t\t\t<div class=\"cl-4\">\r\n\t\t\t\t\t\t\t\t\t\t\t<div class=\"list-item\">\r\n\t\t\t\t\t\t\t\t\t\t\t\tCheck-in A\u00e9reo\t\t\t\t\t\t\t\t\t\t\t<\/div>\r\n\t\t\t\t\t\t\t\t\t\t<\/div>\r\n\t\t\t\t\t\t\t\t\t\t\t\t\t\t\t\t\t\t<div class=\"cl-4\">\r\n\t\t\t\t\t\t\t\t\t\t\t<div class=\"list-item\">\r\n\t\t\t\t\t\t\t\t\t\t\t\tDEA\t\t\t\t\t\t\t\t\t\t\t<\/div>\r\n\t\t\t\t\t\t\t\t\t\t<\/div>\r\n\t\t\t\t\t\t\t\t\t\t\t\t\t\t\t\t\t\t<div class=\"cl-4\">\r\n\t\t\t\t\t\t\t\t\t\t\t<div class=\"list-item\">\r\n\t\t\t\t\t\t\t\t\t\t\t\tLojas e Duty-Free\t\t\t\t\t\t\t\t\t\t\t<\/div>\r\n\t\t\t\t\t\t\t\t\t\t<\/div>\r\n\t\t\t\t\t\t\t\t\t\t\t\t\t\t\t\t\t\t<div class=\"cl-4\">\r\n\t\t\t\t\t\t\t\t\t\t\t<div class=\"list-item\">\r\n\t\t\t\t\t\t\t\t\t\t\t\tPra\u00e7a de T\u00e1xis \/ Ponto de Uber\t\t\t\t\t\t\t\t\t\t\t<\/div>\r\n\t\t\t\t\t\t\t\t\t\t<\/div>\r\n\t\t\t\t\t\t\t\t\t\t\t\t\t\t\t\t\t\t<div class=\"cl-4\">\r\n\t\t\t\t\t\t\t\t\t\t\t<div class=\"list-item\">\r\n\t\t\t\t\t\t\t\t\t\t\t\tReembolso de IVA\t\t\t\t\t\t\t\t\t\t\t<\/div>\r\n\t\t\t\t\t\t\t\t\t\t<\/div>\r\n\t\t\t\t\t\t\t\t\t\t\t\t\t\t\t\t\t\t<div class=\"cl-4\">\r\n\t\t\t\t\t\t\t\t\t\t\t<div class=\"list-item\">\r\n\t\t\t\t\t\t\t\t\t\t\t\tSa\u00fade e Bem-Estar\t\t\t\t\t\t\t\t\t\t\t<\/div>\r\n\t\t\t\t\t\t\t\t\t\t<\/div>\r\n\t\t\t\t\t\t\t\t\t\t\t\t\t\t\t<\/div>\r\n\t\t\t\t\t\t<\/div>\r\n\r\n\t\t\t\t\t\t<div class=\"row flex justify-c-end accordion-services-all\">\r\n\t\t\t\t\t\t\t<a href=\"https:\/\/lisboncruiseport.pt\/pt-pt\/services-home\/servicos-de-tripulacao\" class=\"cta primary-color\">\r\n\t\t\t\t\t\t\t\tTODOS OS Servi\u00e7os de Tripula\u00e7\u00e3o\r\n\t\t\t\t\t\t\t\t<svg xmlns=\"http:\/\/www.w3.org\/2000\/svg\" width=\"12.828\" height=\"12.829\" viewBox=\"0 0 12.828 12.829\">\r\n\t\t\t\t\t\t\t\t\t<g id=\"Icon_feather-arrow-up-right\" data-name=\"Icon feather-arrow-up-right\" transform=\"translate(-9.086 -9.086)\">\r\n\t\t\t\t\t\t\t\t\t\t<path id=\"Path_3\" data-name=\"Path 3\" d=\"M10.5,20.5l10-10\" fill=\"none\" class=\"primary-stroke\" stroke-linecap=\"round\" stroke-linejoin=\"round\" stroke-width=\"2\"><\/path>\r\n\t\t\t\t\t\t\t\t\t\t<path id=\"Path_4\" data-name=\"Path 4\" d=\"M10.5,10.5h10v10\" fill=\"none\" class=\"primary-stroke\" stroke-linecap=\"round\" stroke-linejoin=\"round\" stroke-width=\"2\"><\/path>\r\n\t\t\t\t\t\t\t\t\t<\/g>\r\n\t\t\t\t\t\t\t\t<\/svg>\r\n\t\t\t\t\t\t\t<\/a>\r\n\t\t\t\t\t\t<\/div>\r\n\r\n\t\t\t\t\t<\/div>\r\n\t\t\t\t\t\t\t\t\t<div class=\"accordion-content desktop-accordion-content h100 \">\r\n\r\n\t\t\t\t\t\t<div class=\"h100\">\r\n\t\t\t\t\t\t\t<div class=\"row flex flex-wrap\">\r\n\t\t\t\t\t\t\t\t\t\t\t\t\t\t\t\t\t\t<div class=\"cl-4\">\r\n\t\t\t\t\t\t\t\t\t\t\t<div class=\"list-item\">\r\n\t\t\t\t\t\t\t\t\t\t\t\tAbastecimento de \u00c1gua\t\t\t\t\t\t\t\t\t\t\t<\/div>\r\n\t\t\t\t\t\t\t\t\t\t<\/div>\r\n\t\t\t\t\t\t\t\t\t\t\t\t\t\t\t\t\t\t<div class=\"cl-4\">\r\n\t\t\t\t\t\t\t\t\t\t\t<div class=\"list-item\">\r\n\t\t\t\t\t\t\t\t\t\t\t\tAg\u00eancia de Navega\u00e7\u00e3o\t\t\t\t\t\t\t\t\t\t\t<\/div>\r\n\t\t\t\t\t\t\t\t\t\t<\/div>\r\n\t\t\t\t\t\t\t\t\t\t\t\t\t\t\t\t\t\t<div class=\"cl-4\">\r\n\t\t\t\t\t\t\t\t\t\t\t<div class=\"list-item\">\r\n\t\t\t\t\t\t\t\t\t\t\t\tAlf\u00e2ndega\t\t\t\t\t\t\t\t\t\t\t<\/div>\r\n\t\t\t\t\t\t\t\t\t\t<\/div>\r\n\t\t\t\t\t\t\t\t\t\t\t\t\t\t\t\t\t\t<div class=\"cl-4\">\r\n\t\t\t\t\t\t\t\t\t\t\t<div class=\"list-item\">\r\n\t\t\t\t\t\t\t\t\t\t\t\tAmarra\u00e7\u00e3o\t\t\t\t\t\t\t\t\t\t\t<\/div>\r\n\t\t\t\t\t\t\t\t\t\t<\/div>\r\n\t\t\t\t\t\t\t\t\t\t\t\t\t\t\t\t\t\t<div class=\"cl-4\">\r\n\t\t\t\t\t\t\t\t\t\t\t<div class=\"list-item\">\r\n\t\t\t\t\t\t\t\t\t\t\t\tBunkering\t\t\t\t\t\t\t\t\t\t\t<\/div>\r\n\t\t\t\t\t\t\t\t\t\t<\/div>\r\n\t\t\t\t\t\t\t\t\t\t\t\t\t\t\t\t\t\t<div class=\"cl-4\">\r\n\t\t\t\t\t\t\t\t\t\t\t<div class=\"list-item\">\r\n\t\t\t\t\t\t\t\t\t\t\t\tCheck-in\t\t\t\t\t\t\t\t\t\t\t<\/div>\r\n\t\t\t\t\t\t\t\t\t\t<\/div>\r\n\t\t\t\t\t\t\t\t\t\t\t\t\t\t\t\t\t\t<div class=\"cl-4\">\r\n\t\t\t\t\t\t\t\t\t\t\t<div class=\"list-item\">\r\n\t\t\t\t\t\t\t\t\t\t\t\tControlo de Bagagem\t\t\t\t\t\t\t\t\t\t\t<\/div>\r\n\t\t\t\t\t\t\t\t\t\t<\/div>\r\n\t\t\t\t\t\t\t\t\t\t\t\t\t\t\t\t\t\t<div class=\"cl-4\">\r\n\t\t\t\t\t\t\t\t\t\t\t<div class=\"list-item\">\r\n\t\t\t\t\t\t\t\t\t\t\t\tControlo de Passageiros\t\t\t\t\t\t\t\t\t\t\t<\/div>\r\n\t\t\t\t\t\t\t\t\t\t<\/div>\r\n\t\t\t\t\t\t\t\t\t\t\t\t\t\t\t\t\t\t<div class=\"cl-4\">\r\n\t\t\t\t\t\t\t\t\t\t\t<div class=\"list-item\">\r\n\t\t\t\t\t\t\t\t\t\t\t\tDetector de Explosivos\t\t\t\t\t\t\t\t\t\t\t<\/div>\r\n\t\t\t\t\t\t\t\t\t\t<\/div>\r\n\t\t\t\t\t\t\t\t\t\t\t\t\t\t\t<\/div>\r\n\t\t\t\t\t\t<\/div>\r\n\r\n\t\t\t\t\t\t<div class=\"row flex justify-c-end accordion-services-all\">\r\n\t\t\t\t\t\t\t<a href=\"https:\/\/lisboncruiseport.pt\/pt-pt\/services-home\/servicos-portuarios\" class=\"cta primary-color\">\r\n\t\t\t\t\t\t\t\tTODOS OS Servi\u00e7os Portu\u00e1rios\r\n\t\t\t\t\t\t\t\t<svg xmlns=\"http:\/\/www.w3.org\/2000\/svg\" width=\"12.828\" height=\"12.829\" viewBox=\"0 0 12.828 12.829\">\r\n\t\t\t\t\t\t\t\t\t<g id=\"Icon_feather-arrow-up-right\" data-name=\"Icon feather-arrow-up-right\" transform=\"translate(-9.086 -9.086)\">\r\n\t\t\t\t\t\t\t\t\t\t<path id=\"Path_3\" data-name=\"Path 3\" d=\"M10.5,20.5l10-10\" fill=\"none\" class=\"primary-stroke\" stroke-linecap=\"round\" stroke-linejoin=\"round\" stroke-width=\"2\"><\/path>\r\n\t\t\t\t\t\t\t\t\t\t<path id=\"Path_4\" data-name=\"Path 4\" d=\"M10.5,10.5h10v10\" fill=\"none\" class=\"primary-stroke\" stroke-linecap=\"round\" stroke-linejoin=\"round\" stroke-width=\"2\"><\/path>\r\n\t\t\t\t\t\t\t\t\t<\/g>\r\n\t\t\t\t\t\t\t\t<\/svg>\r\n\t\t\t\t\t\t\t<\/a>\r\n\t\t\t\t\t\t<\/div>\r\n\r\n\t\t\t\t\t<\/div>\r\n\t\t\t\t\t\t\t<\/div>\r\n\t\t<\/div>\r\n\t<\/div>\r\n<\/section>","protected":false},"excerpt":{"rendered":"","protected":false},"author":6,"featured_media":0,"parent":301,"menu_order":25,"comment_status":"closed","ping_status":"closed","template":"","meta":{"_acf_changed":false,"footnotes":""},"class_list":["post-4204","page","type-page","status-publish","hentry"],"acf":[],"_links":{"self":[{"href":"https:\/\/lisboncruiseport.pt\/pt-pt\/wp-json\/wp\/v2\/pages\/4204","targetHints":{"allow":["GET"]}}],"collection":[{"href":"https:\/\/lisboncruiseport.pt\/pt-pt\/wp-json\/wp\/v2\/pages"}],"about":[{"href":"https:\/\/lisboncruiseport.pt\/pt-pt\/wp-json\/wp\/v2\/types\/page"}],"author":[{"embeddable":true,"href":"https:\/\/lisboncruiseport.pt\/pt-pt\/wp-json\/wp\/v2\/users\/6"}],"replies":[{"embeddable":true,"href":"https:\/\/lisboncruiseport.pt\/pt-pt\/wp-json\/wp\/v2\/comments?post=4204"}],"version-history":[{"count":1,"href":"https:\/\/lisboncruiseport.pt\/pt-pt\/wp-json\/wp\/v2\/pages\/4204\/revisions"}],"predecessor-version":[{"id":4207,"href":"https:\/\/lisboncruiseport.pt\/pt-pt\/wp-json\/wp\/v2\/pages\/4204\/revisions\/4207"}],"up":[{"embeddable":true,"href":"https:\/\/lisboncruiseport.pt\/pt-pt\/wp-json\/wp\/v2\/pages\/301"}],"wp:attachment":[{"href":"https:\/\/lisboncruiseport.pt\/pt-pt\/wp-json\/wp\/v2\/media?parent=4204"}],"curies":[{"name":"wp","href":"https:\/\/api.w.org\/{rel}","templated":true}]}}